{"id":7586,"date":"2024-09-17T12:24:37","date_gmt":"2024-09-17T15:24:37","guid":{"rendered":"https:\/\/www.comstar.com.br\/site\/?post_type=product&#038;p=7586"},"modified":"2025-07-03T14:34:48","modified_gmt":"2025-07-03T17:34:48","slug":"tornado","status":"publish","type":"product","link":"https:\/\/www.comstar.com.br\/site\/produto\/tornado\/","title":{"rendered":"XR 300L Tornado"},"content":{"rendered":"<p class=\"item\"><strong>Tipo:<\/strong>\u00a0OHC, Monocil\u00edndrico 4 tempos, arrefecido a ar.<\/p>\n<p class=\"item\"><strong>Cilindrada:<\/strong>\u00a0293,5 cc<\/p>\n<p class=\"item\"><strong>Pot\u00eancia M\u00e1xima:<\/strong>\u00a0(24,3 cv) a 7500 rpm (Gasolina) \/ (24,8 cv) a 7500 rpm (Etanol)<\/p>\n<p class=\"item\"><strong>Torque M\u00e1ximo:<\/strong>\u00a0(2,70 kgf.m) a 5750 rpm (Gasolina) \/ (2,74 kgf.m) a 5750 rpm (Etanol)<\/p>\n<p class=\"item\"><strong>Transmiss\u00e3o:<\/strong>\u00a06 velocidades<\/p>\n<p class=\"item\"><strong>Sistema de Partida:<\/strong>\u00a0El\u00e9trica<\/p>\n<p class=\"item\"><strong>Di\u00e2metro x Curso:<\/strong>\u00a077,0 x 63,0 mm<\/p>\n<p class=\"item\"><strong>Rela\u00e7\u00e3o de Compress\u00e3o:<\/strong>\u00a09.3 : 1<\/p>\n<p class=\"item\"><strong>Sistema Alimenta\u00e7\u00e3o:<\/strong>\u00a0Inje\u00e7\u00e3o Eletr\u00f4nica PGM-FI<\/p>\n<p class=\"item\"><strong>Combust\u00edvel:<\/strong>\u00a0Gasolina e\/ou Etanol<\/p>\n<p class=\"item\"><strong>Igni\u00e7\u00e3o:<\/strong>\u00a0Eletr\u00f4nica<\/p>\n<p class=\"item\"><strong>Bateria:<\/strong>\u00a012V &#8211; 5 Ah<\/p>\n<p class=\"item\"><strong>Farol:<\/strong>\u00a0LED<\/p>\n<p class=\"item\"><strong>Tanque de Combust\u00edvel:<\/strong>\u00a013,8 litros (Reserva 3,7 litros)<\/p>\n<p class=\"item\"><strong>\u00d3leo do Motor:<\/strong>\u00a02,0 litros (1,5 litros p\/ troca)<\/p>\n<p class=\"item\"><strong>Comprimento x Largura x Altura:<\/strong>\u00a02201 x 828 x 1298 mm<\/p>\n<p class=\"item\"><strong>Dist\u00e2ncia entre eixos:<\/strong>\u00a01429 mm<\/p>\n<p class=\"item\"><strong>Dist\u00e2ncia m\u00ednima do solo:<\/strong>\u00a0268 mm<\/p>\n<p class=\"item\"><strong>Altura do assento:<\/strong>\u00a0890 mm<\/p>\n<p class=\"item\"><strong>Peso Seco:<\/strong>\u00a0143 kg<\/p>\n<p class=\"item\"><strong>Tipo:<\/strong>\u00a0Semi ber\u00e7o duplo<\/p>\n<p class=\"item\"><strong>Suspens\u00e3o Dianteira\/Curso:<\/strong>\u00a0Garfo telesc\u00f3pico \/ 245 mm<\/p>\n<p class=\"item\"><strong>Suspens\u00e3o Traseira\/Curso:<\/strong>\u00a0Pro-Link \/ 227 mm<\/p>\n<p class=\"item\"><strong>Freio Dianteiro\/Di\u00e2metro:<\/strong>\u00a0A disco \/ 256 mm<\/p>\n<p class=\"item\"><strong>Freio Traseiro\/Di\u00e2metro:<\/strong>\u00a0A disco \/ 220 mm<\/p>\n<p class=\"item\"><strong>Pneu Dianteiro:<\/strong>\u00a090\/90-21M\/C 54S M+S<\/p>\n<p class=\"item\"><strong>Pneu Traseiro:<\/strong>\u00a0120\/80-18M\/C 62S M+S<\/p>\n","protected":false},"excerpt":{"rendered":"<h3><strong>Novo Design: Renovada e pronta para aventuras<\/strong><\/h3>\n<p>A nova Sahara 300 j\u00e1 chegou inesquec\u00edvel. Com sofistica\u00e7\u00e3o e muito estilo, o novo modelo une modernidade e aventura em um design totalmente repaginado.<\/p>\n<h3><strong>Novo Motor: Pot\u00eancia, conforto e economia<\/strong><\/h3>\n<p>300cc, 6 marchas e muita efici\u00eancia. O motor da Sahara 300 possibilita rota\u00e7\u00f5es baixas em diferentes faixas de velocidade, garantindo mais economia e conforto para aventuras dentro e fora da cidade.<\/p>\n<h3><strong>Design<\/strong><\/h3>\n<p><strong>Imponente<\/strong>\u00a0\u2013 Robusta, a postura da nova Sahara 300 \u00e9 elevada, totalmente inspirada nas motos Trail de maior cilindradas.<br \/>\n<strong>Din\u00e2mica<\/strong>\u00a0\u2013 Combinando for\u00e7a com agilidade, a Honda Sahara 300 possui carenagens no tanque e concentra\u00e7\u00e3o de peso na parte superior.<br \/>\n<strong>Resistente<\/strong>\u00a0\u2013 Totalmente renovada, a Sahara 300 possui um design s\u00f3lido, transmitindo resist\u00eancia e modernidade.<\/p>\n<h3><strong>Seguran\u00e7a<\/strong><\/h3>\n<p><strong>Full LED<\/strong>\u00a0\u2013 A nova Sahara 300 conta agora com sistema de ilumina\u00e7\u00e3o Full-LED, abrangendo far\u00f3is, lanternas e setas. Essa inova\u00e7\u00e3o n\u00e3o s\u00f3 proporciona visibilidade excepcional, mas tamb\u00e9m traz modernidade e estilo ao design, elevando sua experi\u00eancia de pilotagem a um novo patamar.<br \/>\n<strong>Alerta de Frenagem \u2013\u00a0<\/strong>A nova Honda Sahara 300 conta com um sistema de sinaliza\u00e7\u00e3o de frenagem de emerg\u00eancia. Com ele, em casos de frenagem brusca, o pisca-alerta \u00e9 acionado automaticamente, alertando os ve\u00edculos que vem atr\u00e1s.<\/p>\n<h3><strong>Tecnologia<\/strong><\/h3>\n<p><strong>Suspens\u00e3o traseira com ajuste pr\u00e9-carga<\/strong>\u00a0\u2013 Totalmente inesquec\u00edvel, a Sahara 300 possui 7 n\u00edveis de ajustes pr\u00e9-carga, permitindo que o piloto encontre o melhor n\u00edvel de amortecimento, sozinho, com garupa ou com carga.<br \/>\n<strong>Entrada USB-C \u2013\u00a0<\/strong>Com tecnologia de \u00faltima gera\u00e7\u00e3o, a incr\u00edvel Honda Sahara 300 \u00e9 equipada com entrada USB-C que garante carregamento r\u00e1pido e proporciona mais praticidade para as suas experi\u00eancias na estrada.<br \/>\n<strong>Novo Painel \u2013\u00a0<\/strong>A nova Sahara 300 apresenta um painel de instrumentos com novo design, agora com indicador de marcha, um item exclusivo na categoria. Al\u00e9m disso, oferece conta-giros, marcador de combust\u00edvel, hod\u00f4metros parcial e total e rel\u00f3gio. Inova\u00e7\u00e3o e funcionalidade em cada detalhe.<\/p>\n","protected":false},"featured_media":8359,"comment_status":"open","ping_status":"closed","template":"","meta":{"_acf_changed":false},"product_brand":[],"product_cat":[110],"product_tag":[],"class_list":{"0":"post-7586","1":"product","2":"type-product","3":"status-publish","4":"has-post-thumbnail","6":"product_cat-produtos-consorcio","8":"first","9":"instock","10":"shipping-taxable","11":"purchasable","12":"product-type-variable"},"acf":[],"_links":{"self":[{"href":"https:\/\/www.comstar.com.br\/site\/wp-json\/wp\/v2\/product\/7586","targetHints":{"allow":["GET"]}}],"collection":[{"href":"https:\/\/www.comstar.com.br\/site\/wp-json\/wp\/v2\/product"}],"about":[{"href":"https:\/\/www.comstar.com.br\/site\/wp-json\/wp\/v2\/types\/product"}],"replies":[{"embeddable":true,"href":"https:\/\/www.comstar.com.br\/site\/wp-json\/wp\/v2\/comments?post=7586"}],"wp:featuredmedia":[{"embeddable":true,"href":"https:\/\/www.comstar.com.br\/site\/wp-json\/wp\/v2\/media\/8359"}],"wp:attachment":[{"href":"https:\/\/www.comstar.com.br\/site\/wp-json\/wp\/v2\/media?parent=7586"}],"wp:term":[{"taxonomy":"product_brand","embeddable":true,"href":"https:\/\/www.comstar.com.br\/site\/wp-json\/wp\/v2\/product_brand?post=7586"},{"taxonomy":"product_cat","embeddable":true,"href":"https:\/\/www.comstar.com.br\/site\/wp-json\/wp\/v2\/product_cat?post=7586"},{"taxonomy":"product_tag","embeddable":true,"href":"https:\/\/www.comstar.com.br\/site\/wp-json\/wp\/v2\/product_tag?post=7586"}],"curies":[{"name":"wp","href":"https:\/\/api.w.org\/{rel}","templated":true}]}}