{"id":7554,"date":"2024-09-16T12:34:50","date_gmt":"2024-09-16T15:34:50","guid":{"rendered":"https:\/\/www.comstar.com.br\/site\/?post_type=product&#038;p=7554"},"modified":"2025-11-04T15:44:41","modified_gmt":"2025-11-04T18:44:41","slug":"biz-125-ex","status":"publish","type":"product","link":"https:\/\/www.comstar.com.br\/site\/produto\/biz-125-ex\/","title":{"rendered":"Biz 125 EX"},"content":{"rendered":"<p class=\"item\"><strong>Tipo:<\/strong>\u00a0OHC, Monocil\u00edndrico 4 tempos, arrefecido a ar<\/p>\n<p class=\"item\"><strong>Cilindrada:<\/strong>\u00a0123,9 cc<\/p>\n<p class=\"item\"><strong>Pot\u00eancia M\u00e1xima:<\/strong>\u00a07,01 kW (9,53 CV) a 7500 rpm &#8211; Gasolina \/ Etanol<\/p>\n<p class=\"item\"><strong>Torque M\u00e1ximo:<\/strong>\u00a010,1 N.m (1,03 kgf.m) a 6000 rpm &#8211; Gasolina \/ Etanol<\/p>\n<p class=\"item\"><strong>Transmiss\u00e3o:<\/strong>\u00a04 velocidades<\/p>\n<p class=\"item\"><strong>Sistema de Partida:<\/strong>\u00a0El\u00e9trico<\/p>\n<p class=\"item\"><strong>Di\u00e2metro x Curso:<\/strong>\u00a050,000 x 63,12 mm<\/p>\n<p class=\"item\"><strong>Rela\u00e7\u00e3o de Compress\u00e3o:<\/strong>\u00a010.0 : 1<\/p>\n<p class=\"item\"><strong>Sistema Alimenta\u00e7\u00e3o:<\/strong>\u00a0Inje\u00e7\u00e3o Eletr\u00f4nica PGM FI<\/p>\n<p class=\"item\"><strong>Combust\u00edvel:<\/strong>\u00a0Gasolina \/ Etanol<\/p>\n<p class=\"item\"><strong>Igni\u00e7\u00e3o:<\/strong>\u00a0Eletr\u00f4nica<\/p>\n<p class=\"item\"><strong>Bateria:<\/strong>\u00a012V \u2013 5 Ah<\/p>\n<p class=\"item\"><strong>Farol:<\/strong>\u00a035\/35W<\/p>\n<p class=\"item\"><strong>Tanque de Combust\u00edvel:<\/strong>\u00a05,0L (1,1L)<\/p>\n<p class=\"item\"><strong>\u00d3leo do Motor:<\/strong>\u00a01,1L. (0,90L p\/ troca)<\/p>\n<p class=\"item\"><strong>Comprimento x Largura x Altura:<\/strong>\u00a01897 x 715 x 1086 mm.<\/p>\n<p class=\"item\"><strong>Dist\u00e2ncia entre eixos:<\/strong>\u00a01261 mm<\/p>\n<p class=\"item\"><strong>Dist\u00e2ncia m\u00ednima do solo:<\/strong>\u00a0131 mm<\/p>\n<p class=\"item\"><strong>Altura do assento:<\/strong>\u00a0753mm<\/p>\n<p class=\"item\"><strong>Peso Seco:<\/strong>\u00a096 kg<\/p>\n<p class=\"item\"><strong>Tipo:<\/strong>\u00a0Monobloco<\/p>\n<p class=\"item\"><strong>Suspens\u00e3o Dianteira\/Curso:<\/strong>\u00a0Garfo telesc\u00f3pico \/ 100 \/ 89 mm.<\/p>\n<p class=\"item\"><strong>Suspens\u00e3o Traseira\/Curso:<\/strong>\u00a0Bra\u00e7o oscilante \/ 85 \/ 86 mm.<\/p>\n<p class=\"item\"><strong>Freio Dianteiro\/Di\u00e2metro:<\/strong>\u00a0A disco \/ 190,60 mm \/ 220 mm<\/p>\n<p class=\"item\"><strong>Freio Traseiro\/Di\u00e2metro:<\/strong>\u00a0A tambor \/ 131 mm<\/p>\n<p class=\"item\"><strong>Pneu Dianteiro:<\/strong>\u00a070\/90 -17M\/C 43S REINF<\/p>\n<p class=\"item\"><strong>Pneu Traseiro:<\/strong>\u00a080\/100 &#8211; 14M\/C 49S REINF<\/p>\n","protected":false},"excerpt":{"rendered":"<h3><strong>Design<\/strong><\/h3>\n<p><strong>Novo grafismo<\/strong>\u00a0\u2013 O grafismo da nova Biz 125 EX traz um visual moderno e elegante, real\u00e7ando ainda mais o estilo da moto.<br \/>\n<strong>Luz de posicionamento LED<\/strong>\u00a0\u2013 Al\u00e9m de garantir mais visibilidade, as luzes de posicionamento LED da nova Biz 125 EX deixam o modelo ainda mais inovador.<br \/>\n<strong>Novo Banco<\/strong>\u00a0\u2013 Trazendo eleg\u00e2ncia ao modelo, o novo banco da Biz 125 EX foi inspirado em texturas de alta costura.<br \/>\n<strong>Nova Logo<\/strong>\u00a0\u2013 A nova Honda Biz 125 EX possui uma logo totalmente repensada. Aproveite todo estilo e parceria desse modelo impressionante.<br \/>\n<strong>Nova carenagem<\/strong>\u00a0\u2013 Dando um toque ainda mais marcante \u00e0 Biz 125 EX, o novo conjunto de carenagem deixa sua rotina ainda mais estilosa.<\/p>\n<h3><strong>Praticidade<\/strong><\/h3>\n<p><strong>Controle de freios nas duas m\u00e3os<\/strong>\u00a0\u2013 Os freios nas duas m\u00e3os na nova Biz 125 EX combinam tecnologia com praticidade, garantindo uma pilotagem ainda mais intuitiva.<br \/>\n<strong>Porta-Objetos Frontal<\/strong>\u00a0\u2013 A nova Biz 125 EX agora tem um Porta-Objetos localizado na parte frontal, ideal para objetos de uso r\u00e1pido, trazendo praticidade para o seu deslocamento.<br \/>\n<strong>Gancho Retr\u00e1til<\/strong>\u00a0\u2013 O gancho retr\u00e1til da Biz 125 EX \u00e9 ideal para voc\u00ea levar sua bolsa, sacola ou mochila com mais comodidade. Aproveite para transportar pela cidade o que precisar.<br \/>\n<strong>Porta-Objetos Embaixo do Banco<\/strong>\u00a0\u2013 Comodidade para o seu dia a dia: o Porta-Objetos embaixo do banco da nova Honda Biz 125 EX oferece mais espa\u00e7o para itens maiores, inclusive o capacete.<\/p>\n<h3><strong>Tecnologia<\/strong><\/h3>\n<p><b>Novo Painel<\/b>\u00a0\u2013 Com novo painel 100% digital blackout, a nova Biz 125 EX garante o melhor custo-benef\u00edcio, apresentando rel\u00f3gio, veloc\u00edmetro, indicadores de combust\u00edvel, hod\u00f4metro e indicador de consumo.<br \/>\n<strong>Novo Motor<\/strong>\u00a0\u2013 Eficiente e econ\u00f4mico, o novo motor da Biz 125 EX permite que voc\u00ea v\u00e1 mais longe gastando menos. Com a tecnologia FlexOne, voc\u00ea tem uma maior liberdade para a escolha de combust\u00edvel.<br \/>\n<strong>Entrada USB-C<\/strong>\u00a0\u2013 Moderna e conveniente, a nova Honda Biz 125 EX possui entrada USB-C para carregar o seu celular, para voc\u00ea nunca ficar sem bateria.<\/p>\n","protected":false},"featured_media":8309,"comment_status":"open","ping_status":"closed","template":"","meta":{"_acf_changed":false},"product_brand":[],"product_cat":[110],"product_tag":[],"class_list":{"0":"post-7554","1":"product","2":"type-product","3":"status-publish","4":"has-post-thumbnail","6":"product_cat-produtos-consorcio","8":"first","9":"instock","10":"shipping-taxable","11":"purchasable","12":"product-type-variable"},"acf":[],"_links":{"self":[{"href":"https:\/\/www.comstar.com.br\/site\/wp-json\/wp\/v2\/product\/7554","targetHints":{"allow":["GET"]}}],"collection":[{"href":"https:\/\/www.comstar.com.br\/site\/wp-json\/wp\/v2\/product"}],"about":[{"href":"https:\/\/www.comstar.com.br\/site\/wp-json\/wp\/v2\/types\/product"}],"replies":[{"embeddable":true,"href":"https:\/\/www.comstar.com.br\/site\/wp-json\/wp\/v2\/comments?post=7554"}],"wp:featuredmedia":[{"embeddable":true,"href":"https:\/\/www.comstar.com.br\/site\/wp-json\/wp\/v2\/media\/8309"}],"wp:attachment":[{"href":"https:\/\/www.comstar.com.br\/site\/wp-json\/wp\/v2\/media?parent=7554"}],"wp:term":[{"taxonomy":"product_brand","embeddable":true,"href":"https:\/\/www.comstar.com.br\/site\/wp-json\/wp\/v2\/product_brand?post=7554"},{"taxonomy":"product_cat","embeddable":true,"href":"https:\/\/www.comstar.com.br\/site\/wp-json\/wp\/v2\/product_cat?post=7554"},{"taxonomy":"product_tag","embeddable":true,"href":"https:\/\/www.comstar.com.br\/site\/wp-json\/wp\/v2\/product_tag?post=7554"}],"curies":[{"name":"wp","href":"https:\/\/api.w.org\/{rel}","templated":true}]}}