{"id":7192,"date":"2024-07-19T15:31:20","date_gmt":"2024-07-19T18:31:20","guid":{"rendered":"https:\/\/www.comstar.com.br\/site\/?post_type=product&#038;p=7192"},"modified":"2025-06-05T17:16:27","modified_gmt":"2025-06-05T20:16:27","slug":"capacete-hnj-2025","status":"publish","type":"product","link":"https:\/\/www.comstar.com.br\/site\/produto\/capacete-hnj-2025\/","title":{"rendered":"Capacete HNJ 2025"},"content":{"rendered":"<p>Caracter\u00edsticas:<\/p>\n<p>* Casco injetado em termopl\u00e1stico de alta absor\u00e7\u00e3o (ABS);<br \/>\n* Verniz protetor com pintura mais resistente;<br \/>\n* Viseira anti-risco;<br \/>\n* Viseira em policarbonato de 2 mm;<br \/>\n* Anel antifurto;<br \/>\n* Grafismo em decal;<br \/>\n* Revestimento interno (forra\u00e7\u00e3o) remov\u00edvel e lav\u00e1vel em tecido antial\u00e9rgico;<br \/>\n* Fecho microm\u00e9trico;<br \/>\n* Entrada de ar inferior para ventila\u00e7\u00e3o dentro do casco;<br \/>\n* Peso: 1,4860 kg.<\/p>\n","protected":false},"excerpt":{"rendered":"<p>O capacete HNJ Honda \u00e9 uma escolha confort\u00e1vel para os motociclistas que procuram um equipamento de alta qualidade e resist\u00eancia. Com design moderno e aerodin\u00e2mico, o capacete proporciona conforto para passeios curtos. Com casco em ABS de alta densidade, e de alta qualidade para suas aventuras na estrada. Este capacete, fabricado com materiais de primeira qualidade.<br \/>\nO design elegante e moderno do HNJ Honda adiciona uma apar\u00eancia chamativa e din\u00e2mica aos pilotos. Al\u00e9m disso, o capacete \u00e9 equipado com uma viseira transparente, que garante uma vis\u00e3o clara e n\u00edtida durante a pilotagem.<br \/>\nCom a marca Honda, uma das l\u00edderes globais em produ\u00e7\u00e3o de motocicletas, voc\u00ea pode ter a certeza de estar adquirindo um equipamento de qualidade, que ir\u00e1 atender \u00e0s suas necessidades e expectativas enquanto pilota sua moto. O capacete HNJ Honda \u00e9 a escolha perfeita para quem busca conforto e estilo, tudo em um \u00fanico produto.<\/p>\n","protected":false},"featured_media":8447,"comment_status":"open","ping_status":"closed","template":"","meta":{"_acf_changed":false},"product_brand":[],"product_cat":[101,105],"product_tag":[],"class_list":{"0":"post-7192","1":"product","2":"type-product","3":"status-publish","4":"has-post-thumbnail","6":"product_cat-acessorios","7":"product_cat-capacetes","9":"first","10":"instock","11":"shipping-taxable","12":"purchasable","13":"product-type-simple"},"acf":[],"_links":{"self":[{"href":"https:\/\/www.comstar.com.br\/site\/wp-json\/wp\/v2\/product\/7192","targetHints":{"allow":["GET"]}}],"collection":[{"href":"https:\/\/www.comstar.com.br\/site\/wp-json\/wp\/v2\/product"}],"about":[{"href":"https:\/\/www.comstar.com.br\/site\/wp-json\/wp\/v2\/types\/product"}],"replies":[{"embeddable":true,"href":"https:\/\/www.comstar.com.br\/site\/wp-json\/wp\/v2\/comments?post=7192"}],"wp:featuredmedia":[{"embeddable":true,"href":"https:\/\/www.comstar.com.br\/site\/wp-json\/wp\/v2\/media\/8447"}],"wp:attachment":[{"href":"https:\/\/www.comstar.com.br\/site\/wp-json\/wp\/v2\/media?parent=7192"}],"wp:term":[{"taxonomy":"product_brand","embeddable":true,"href":"https:\/\/www.comstar.com.br\/site\/wp-json\/wp\/v2\/product_brand?post=7192"},{"taxonomy":"product_cat","embeddable":true,"href":"https:\/\/www.comstar.com.br\/site\/wp-json\/wp\/v2\/product_cat?post=7192"},{"taxonomy":"product_tag","embeddable":true,"href":"https:\/\/www.comstar.com.br\/site\/wp-json\/wp\/v2\/product_tag?post=7192"}],"curies":[{"name":"wp","href":"https:\/\/api.w.org\/{rel}","templated":true}]}}