{"id":6097,"date":"2023-08-08T17:21:20","date_gmt":"2023-08-08T20:21:20","guid":{"rendered":"https:\/\/www.comstar.com.br\/site\/?post_type=product&#038;p=6097"},"modified":"2025-06-05T17:12:42","modified_gmt":"2025-06-05T20:12:42","slug":"conjunto-de-chuva-honda-pvc","status":"publish","type":"product","link":"https:\/\/www.comstar.com.br\/site\/produto\/conjunto-de-chuva-honda-pvc\/","title":{"rendered":"Conjunto de Chuva Honda PVC"},"content":{"rendered":"<p>Caracter\u00edsticas:<\/p>\n<p>Jaqueta:<br \/>\n* Com gola<br \/>\n* Bolso externo<br \/>\n* Cintura ajustada com el\u00e1stico<br \/>\n* Punhos ajustados com velcro<br \/>\n* Detalhes refletivos no peito e nas costas.<\/p>\n<p>Cal\u00e7a:<br \/>\n* Cintura co ajuste em el\u00e1stico<br \/>\n* Barra na cal\u00e7a com ajuste em velcro<br \/>\n* Detalhes refletivos na barra da cal\u00e7a.<\/p>\n<p>C\u00f3digo: ACCCH060<\/p>\n","protected":false},"excerpt":{"rendered":"<p>Com a jaqueta e cal\u00e7a soldadas atrav\u00e9s do processo termo eletr\u00f4nico, o conjunto de capa de chuva pvc \u00e9 o mais assertivo para quem procura conforto, leveza e resist\u00eancia.<br \/>\nA capa de chuva Honda possui alta durabilidade, gra\u00e7as \u00e0 sua constru\u00e7\u00e3o robusta em PVC, o que garante uma maior resist\u00eancia a desgastes di\u00e1rios e uma variedade de condi\u00e7\u00f5es clim\u00e1ticas.<br \/>\nCom um design ergon\u00f4mico a capa de chuva proporciona conforto ao usu\u00e1rio, permitindo a liberdade de movimento.<\/p>\n","protected":false},"featured_media":8492,"comment_status":"open","ping_status":"closed","template":"","meta":{"_acf_changed":false},"product_brand":[],"product_cat":[101,148],"product_tag":[],"class_list":{"0":"post-6097","1":"product","2":"type-product","3":"status-publish","4":"has-post-thumbnail","6":"product_cat-acessorios","7":"product_cat-jaquetas","9":"first","10":"instock","11":"shipping-taxable","12":"purchasable","13":"product-type-simple"},"acf":[],"_links":{"self":[{"href":"https:\/\/www.comstar.com.br\/site\/wp-json\/wp\/v2\/product\/6097","targetHints":{"allow":["GET"]}}],"collection":[{"href":"https:\/\/www.comstar.com.br\/site\/wp-json\/wp\/v2\/product"}],"about":[{"href":"https:\/\/www.comstar.com.br\/site\/wp-json\/wp\/v2\/types\/product"}],"replies":[{"embeddable":true,"href":"https:\/\/www.comstar.com.br\/site\/wp-json\/wp\/v2\/comments?post=6097"}],"wp:featuredmedia":[{"embeddable":true,"href":"https:\/\/www.comstar.com.br\/site\/wp-json\/wp\/v2\/media\/8492"}],"wp:attachment":[{"href":"https:\/\/www.comstar.com.br\/site\/wp-json\/wp\/v2\/media?parent=6097"}],"wp:term":[{"taxonomy":"product_brand","embeddable":true,"href":"https:\/\/www.comstar.com.br\/site\/wp-json\/wp\/v2\/product_brand?post=6097"},{"taxonomy":"product_cat","embeddable":true,"href":"https:\/\/www.comstar.com.br\/site\/wp-json\/wp\/v2\/product_cat?post=6097"},{"taxonomy":"product_tag","embeddable":true,"href":"https:\/\/www.comstar.com.br\/site\/wp-json\/wp\/v2\/product_tag?post=6097"}],"curies":[{"name":"wp","href":"https:\/\/api.w.org\/{rel}","templated":true}]}}