{"id":5931,"date":"2023-08-07T10:58:47","date_gmt":"2023-08-07T13:58:47","guid":{"rendered":"https:\/\/www.comstar.com.br\/site\/?post_type=product&#038;p=5931"},"modified":"2025-06-05T17:14:41","modified_gmt":"2025-06-05T20:14:41","slug":"capacete-honda-twister-special-edition-grafite","status":"publish","type":"product","link":"https:\/\/www.comstar.com.br\/site\/produto\/capacete-honda-twister-special-edition-grafite\/","title":{"rendered":"Capacete Honda Twister Special Edition \u2013 Grafite"},"content":{"rendered":"<p>Caracter\u00edsticas:<\/p>\n<p>* Casco injetado em termopl\u00e1stico de alta absor\u00e7\u00e3o (ABS)<br \/>\n* Verniz protetor com pintura mais resistente.<br \/>\n* Viseira anti-risco<br \/>\n* Viseira em policarbonato de 2 mm<br \/>\n* Anel antifurto.<br \/>\n* Revestimento interno (forra\u00e7\u00e3o) remov\u00edvel e lav\u00e1vel em tecido antial\u00e9rgico.<br \/>\n* Fecho microm\u00e9trico.<br \/>\n* Entrada de ar inferior  e superior para ventila\u00e7\u00e3o dentro do casco.<br \/>\n* Viseira Clear ( Transparente)<br \/>\n* Viseira Solar<\/p>\n","protected":false},"excerpt":{"rendered":"<p>O capacete HMS escamote\u00e1vel Honda \u00e9 a escolha perfeita para quem busca versatilidade e praticidade. Com um design moderno e sofisticado, este capacete \u00e9 ideal para quem busca um equipamento de qualidade, conforto e seguran\u00e7a.<\/p>\n<p>O capacete HMS escamote\u00e1vel Honda \u00e9 feito com materiais de alta qualidade, que garante um design moderno e aerodin\u00e2mico, este capacete oferece a seguran\u00e7a necess\u00e1ria para o motociclista, enquanto tamb\u00e9m proporciona conforto durante a pilotagem.<\/p>\n<p>O capacete \u00e9 equipado com uma viseira interna retr\u00e1til e um sistema de ventila\u00e7\u00e3o eficiente, que garantem uma ampla vis\u00e3o da estrada e mant\u00e9m o interior do capacete fresco e ventilado.<\/p>\n<p>Al\u00e9m disso, o HMS escamote\u00e1vel Honda conta com uma viseira externa resistente a arranh\u00f5es e raios UV, proporcionando maior prote\u00e7\u00e3o aos olhos contra os elementos externos.<\/p>\n<p>Com uma f\u00e1cil abertura e fechamento, este capacete \u00e9 perfeito para quem busca praticidade e conveni\u00eancia na hora de pilotar. Seja para uso urbano ou viagens mais longas, o HMS escamote\u00e1vel Honda \u00e9 a escolha ideal para quem procura um capacete de alta qualidade e versatilidade.<\/p>\n","protected":false},"featured_media":8472,"comment_status":"open","ping_status":"closed","template":"","meta":{"_acf_changed":false},"product_brand":[],"product_cat":[101,105],"product_tag":[],"class_list":{"0":"post-5931","1":"product","2":"type-product","3":"status-publish","4":"has-post-thumbnail","6":"product_cat-acessorios","7":"product_cat-capacetes","9":"first","10":"instock","11":"shipping-taxable","12":"purchasable","13":"product-type-simple"},"acf":[],"_links":{"self":[{"href":"https:\/\/www.comstar.com.br\/site\/wp-json\/wp\/v2\/product\/5931","targetHints":{"allow":["GET"]}}],"collection":[{"href":"https:\/\/www.comstar.com.br\/site\/wp-json\/wp\/v2\/product"}],"about":[{"href":"https:\/\/www.comstar.com.br\/site\/wp-json\/wp\/v2\/types\/product"}],"replies":[{"embeddable":true,"href":"https:\/\/www.comstar.com.br\/site\/wp-json\/wp\/v2\/comments?post=5931"}],"wp:featuredmedia":[{"embeddable":true,"href":"https:\/\/www.comstar.com.br\/site\/wp-json\/wp\/v2\/media\/8472"}],"wp:attachment":[{"href":"https:\/\/www.comstar.com.br\/site\/wp-json\/wp\/v2\/media?parent=5931"}],"wp:term":[{"taxonomy":"product_brand","embeddable":true,"href":"https:\/\/www.comstar.com.br\/site\/wp-json\/wp\/v2\/product_brand?post=5931"},{"taxonomy":"product_cat","embeddable":true,"href":"https:\/\/www.comstar.com.br\/site\/wp-json\/wp\/v2\/product_cat?post=5931"},{"taxonomy":"product_tag","embeddable":true,"href":"https:\/\/www.comstar.com.br\/site\/wp-json\/wp\/v2\/product_tag?post=5931"}],"curies":[{"name":"wp","href":"https:\/\/api.w.org\/{rel}","templated":true}]}}