{"id":4761,"date":"2022-03-28T12:12:09","date_gmt":"2022-03-28T15:12:09","guid":{"rendered":"https:\/\/www.comstar.com.br\/site\/?post_type=product&#038;p=4761"},"modified":"2025-06-24T10:13:28","modified_gmt":"2025-06-24T13:13:28","slug":"nx-500-consorcio","status":"publish","type":"product","link":"https:\/\/www.comstar.com.br\/site\/produto\/nx-500-consorcio\/","title":{"rendered":"NX 500"},"content":{"rendered":"<p class=\"item\"><strong>Tipo:<\/strong>\u00a0DOHC, Dois cilindros, 4 tempos, refrigera\u00e7\u00e3o l\u00edquida.<\/p>\n<p class=\"item\"><strong>Cilindrada:<\/strong>\u00a0471 cc<\/p>\n<p class=\"item\"><strong>Pot\u00eancia m\u00e1xima:<\/strong>\u00a049,6 CV a 8500 rpm (Gasolina)<\/p>\n<p class=\"item\"><strong>Torque m\u00e1ximo:<\/strong>\u00a04,50 kgf.m a 7000 rpm (Gasolina)<\/p>\n<p class=\"item\"><strong>Transmiss\u00e3o:<\/strong>\u00a06 velocidades<\/p>\n<p class=\"item\"><strong>Sistema de partida:<\/strong>\u00a0El\u00e9trico<\/p>\n<p class=\"item\"><strong>Di\u00e2metro x Curso:<\/strong>\u00a067,0 x 66,8 mm<\/p>\n<p class=\"item\"><strong>Rela\u00e7\u00e3o de Compress\u00e3o:<\/strong>\u00a010,7:1<\/p>\n<p class=\"item\"><strong>Sistema Alimenta\u00e7\u00e3o:<\/strong>\u00a0Inje\u00e7\u00e3o Eletr\u00f4nica, PGM FI<\/p>\n<p class=\"item\"><strong>Combust\u00edvel:<\/strong>\u00a0Gasolina<\/p>\n<p class=\"item\"><strong>Igni\u00e7\u00e3o:<\/strong>\u00a0Eletr\u00f4nica<\/p>\n<p class=\"item\"><strong>Bateria:<\/strong>\u00a012V \u2013 7Ah<\/p>\n<p class=\"item\"><strong>Farol:<\/strong>\u00a0Led<\/p>\n<p class=\"item\"><strong>Tanque de Combust\u00edvel:<\/strong>\u00a017,7 L. (2,8 L)<\/p>\n<p class=\"item\"><strong>\u00d3leo do Motor:<\/strong>\u00a03,1 L. (2,4 L p\/ troca)<\/p>\n<p class=\"item\"><strong>Comprimento x Largura x Altura:<\/strong>\u00a02163 x 830 x 1417 mm<\/p>\n<p class=\"item\"><strong>Dist\u00e2ncia entre eixos:<\/strong>\u00a01443mm<\/p>\n<p class=\"item\"><strong>Dist\u00e2ncia m\u00ednima do solo:<\/strong>\u00a0181mm<\/p>\n<p class=\"item\"><strong>Altura do assento:<\/strong>\u00a0834mm<\/p>\n<p class=\"item\"><strong>Peso Seco:<\/strong>\u00a0183kg<\/p>\n<p class=\"item\"><strong>Tipo:<\/strong>\u00a0Diamond Frame<\/p>\n<p class=\"item\"><strong>Suspens\u00e3o Dianteira\/Curso:<\/strong>\u00a0Garfo telesc\u00f3pico\/133mm<\/p>\n<p class=\"item\"><strong>Suspens\u00e3o Traseira\/Curso:<\/strong>\u00a0Pro-Link\/135mm<\/p>\n<p class=\"item\"><strong>Freio Dianteiro\/Di\u00e2metro:<\/strong>\u00a0A disco duplo \/ 296 mm<\/p>\n<p class=\"item\"><strong>Freio Traseiro\/Di\u00e2metro:<\/strong>\u00a0A disco \/ 240 mm<\/p>\n<p class=\"item\"><strong>Pneu Dianteiro:<\/strong>\u00a0110\/80R 19M\/C (59H)<\/p>\n<p class=\"item\"><strong>Pneu Traseiro:<\/strong>\u00a0160\/60R 17M\/C (69H)<\/p>\n","protected":false},"excerpt":{"rendered":"<h1 class=\"title-description center-button-consorcio\"><strong>Destaques<\/strong><\/h1>\n[foogallery id=\"9879\"]\n<div style=\"margin-top: 50px;\">\n<img loading=\"lazy\" decoding=\"async\" class=\"alignnone size-full wp-image-9670 aligncenter\" src=\"https:\/\/www.comstar.com.br\/site\/wp-content\/uploads\/2025\/06\/Logo_3-7.webp\" alt=\"\" width=\"224\" height=\"200\" \/>\n<\/div>\n<p class=\"garantia\"><strong>3 anos de garantia sem limite de quilometragem + \u00f3leo gr\u00e1tis* em 7 revis\u00f5es.<\/strong><br \/>\n* O fornecimento gratuito do \u00f3leo \u00e9 v\u00e1lido a partir da 3\u00aa revis\u00e3o.<\/p>\n","protected":false},"featured_media":9764,"comment_status":"open","ping_status":"closed","template":"","meta":{"_acf_changed":false},"product_brand":[],"product_cat":[110],"product_tag":[],"class_list":{"0":"post-4761","1":"product","2":"type-product","3":"status-publish","4":"has-post-thumbnail","6":"product_cat-produtos-consorcio","8":"first","9":"instock","10":"shipping-taxable","11":"purchasable","12":"product-type-variable"},"acf":[],"_links":{"self":[{"href":"https:\/\/www.comstar.com.br\/site\/wp-json\/wp\/v2\/product\/4761","targetHints":{"allow":["GET"]}}],"collection":[{"href":"https:\/\/www.comstar.com.br\/site\/wp-json\/wp\/v2\/product"}],"about":[{"href":"https:\/\/www.comstar.com.br\/site\/wp-json\/wp\/v2\/types\/product"}],"replies":[{"embeddable":true,"href":"https:\/\/www.comstar.com.br\/site\/wp-json\/wp\/v2\/comments?post=4761"}],"wp:featuredmedia":[{"embeddable":true,"href":"https:\/\/www.comstar.com.br\/site\/wp-json\/wp\/v2\/media\/9764"}],"wp:attachment":[{"href":"https:\/\/www.comstar.com.br\/site\/wp-json\/wp\/v2\/media?parent=4761"}],"wp:term":[{"taxonomy":"product_brand","embeddable":true,"href":"https:\/\/www.comstar.com.br\/site\/wp-json\/wp\/v2\/product_brand?post=4761"},{"taxonomy":"product_cat","embeddable":true,"href":"https:\/\/www.comstar.com.br\/site\/wp-json\/wp\/v2\/product_cat?post=4761"},{"taxonomy":"product_tag","embeddable":true,"href":"https:\/\/www.comstar.com.br\/site\/wp-json\/wp\/v2\/product_tag?post=4761"}],"curies":[{"name":"wp","href":"https:\/\/api.w.org\/{rel}","templated":true}]}}