{"id":4751,"date":"2022-03-17T16:36:29","date_gmt":"2022-03-17T19:36:29","guid":{"rendered":"https:\/\/www.comstar.com.br\/site\/?post_type=product&#038;p=4751"},"modified":"2025-02-12T14:16:18","modified_gmt":"2025-02-12T17:16:18","slug":"calca-jeans-honda","status":"publish","type":"product","link":"https:\/\/www.comstar.com.br\/site\/produto\/calca-jeans-honda\/","title":{"rendered":"Cal\u00e7a Jeans Honda"},"content":{"rendered":"<p>Caracter\u00edsticas:<\/p>\n<p>* Tecido sarja com elastano<br \/>\n* Corte reto tradicional<br \/>\n* Recorte entre as pernas em tecido el\u00e1stico para o conforto e diminui\u00e7\u00e3o do atrito.<br \/>\n* 2 protetores remov\u00edveis joelhos e quadris, ambos em pol\u00edmero de eva.<br \/>\nOs protetores nos joelhos podem ser ajustados atrav\u00e9s de um bolso externo com fecho em z\u00edper, j\u00e1 os protetores dos quadris, s\u00e3o colocados internamente por um v\u00e9lcro para melhor encaixe no biotipo e posicionamento em cima da moto.<\/p>\n<p>C\u00f3digo: ACCAL0002644<\/p>\n","protected":false},"excerpt":{"rendered":"<p>A cal\u00e7a jeans de prote\u00e7\u00e3o s\u00e3o confort\u00e1veis como uma cal\u00e7a tradicional, por\u00e9m com detalhes pensados nas necessidades do motociclista.<\/p>\n","protected":false},"featured_media":5479,"comment_status":"open","ping_status":"closed","template":"","meta":{"_acf_changed":false},"product_brand":[],"product_cat":[101,151],"product_tag":[],"class_list":{"0":"post-4751","1":"product","2":"type-product","3":"status-publish","4":"has-post-thumbnail","6":"product_cat-acessorios","7":"product_cat-calcas-acessorios","9":"first","10":"instock","11":"shipping-taxable","12":"purchasable","13":"product-type-simple"},"acf":[],"_links":{"self":[{"href":"https:\/\/www.comstar.com.br\/site\/wp-json\/wp\/v2\/product\/4751","targetHints":{"allow":["GET"]}}],"collection":[{"href":"https:\/\/www.comstar.com.br\/site\/wp-json\/wp\/v2\/product"}],"about":[{"href":"https:\/\/www.comstar.com.br\/site\/wp-json\/wp\/v2\/types\/product"}],"replies":[{"embeddable":true,"href":"https:\/\/www.comstar.com.br\/site\/wp-json\/wp\/v2\/comments?post=4751"}],"wp:featuredmedia":[{"embeddable":true,"href":"https:\/\/www.comstar.com.br\/site\/wp-json\/wp\/v2\/media\/5479"}],"wp:attachment":[{"href":"https:\/\/www.comstar.com.br\/site\/wp-json\/wp\/v2\/media?parent=4751"}],"wp:term":[{"taxonomy":"product_brand","embeddable":true,"href":"https:\/\/www.comstar.com.br\/site\/wp-json\/wp\/v2\/product_brand?post=4751"},{"taxonomy":"product_cat","embeddable":true,"href":"https:\/\/www.comstar.com.br\/site\/wp-json\/wp\/v2\/product_cat?post=4751"},{"taxonomy":"product_tag","embeddable":true,"href":"https:\/\/www.comstar.com.br\/site\/wp-json\/wp\/v2\/product_tag?post=4751"}],"curies":[{"name":"wp","href":"https:\/\/api.w.org\/{rel}","templated":true}]}}