{"id":4675,"date":"2022-02-25T16:16:52","date_gmt":"2022-02-25T19:16:52","guid":{"rendered":"https:\/\/www.comstar.com.br\/site\/?post_type=product&#038;p=4675"},"modified":"2025-06-05T17:18:03","modified_gmt":"2025-06-05T20:18:03","slug":"camiseta-cg-125","status":"publish","type":"product","link":"https:\/\/www.comstar.com.br\/site\/produto\/camiseta-cg-125\/","title":{"rendered":"Camiseta Honda Vintage 1976 &#8211; CG 125"},"content":{"rendered":"<p>Caracter\u00edsticas:<\/p>\n<p>* Design retr\u00f4 e esportivo;<br \/>\n* Gola redonda;<br \/>\n* Feita com tecido100% algod\u00e3o;<br \/>\n* Possui mangas curtas;<br \/>\n* Extremamente confort\u00e1vel;<br \/>\n* Vers\u00e1til e pode ser utilizada em diversas ocasi\u00f5es;<\/p>\n<p>C\u00f3digo: C112A13719<\/p>\n","protected":false},"excerpt":{"rendered":"<p>A camiseta Honda 1976 Vintage da CG125 \u00e9 uma pe\u00e7a de vestu\u00e1rio com design inspirado na motocicleta Honda CG125. Feita em tecido de alta qualidade, possui estampa frontal da moto CG125 1976. A camiseta \u00e9 na cor off white o que confere um visual vintage e estiloso. Com excelente acabamento, durabilidade e conforto, \u00e9 uma \u00f3tima op\u00e7\u00e3o para os amantes da marca Honda e do estilo retr\u00f4.<\/p>\n","protected":false},"featured_media":8426,"comment_status":"open","ping_status":"closed","template":"","meta":{"_acf_changed":false},"product_brand":[],"product_cat":[101,149],"product_tag":[],"class_list":{"0":"post-4675","1":"product","2":"type-product","3":"status-publish","4":"has-post-thumbnail","6":"product_cat-acessorios","7":"product_cat-camisetas","9":"first","10":"instock","11":"shipping-taxable","12":"purchasable","13":"product-type-simple"},"acf":[],"_links":{"self":[{"href":"https:\/\/www.comstar.com.br\/site\/wp-json\/wp\/v2\/product\/4675","targetHints":{"allow":["GET"]}}],"collection":[{"href":"https:\/\/www.comstar.com.br\/site\/wp-json\/wp\/v2\/product"}],"about":[{"href":"https:\/\/www.comstar.com.br\/site\/wp-json\/wp\/v2\/types\/product"}],"replies":[{"embeddable":true,"href":"https:\/\/www.comstar.com.br\/site\/wp-json\/wp\/v2\/comments?post=4675"}],"wp:featuredmedia":[{"embeddable":true,"href":"https:\/\/www.comstar.com.br\/site\/wp-json\/wp\/v2\/media\/8426"}],"wp:attachment":[{"href":"https:\/\/www.comstar.com.br\/site\/wp-json\/wp\/v2\/media?parent=4675"}],"wp:term":[{"taxonomy":"product_brand","embeddable":true,"href":"https:\/\/www.comstar.com.br\/site\/wp-json\/wp\/v2\/product_brand?post=4675"},{"taxonomy":"product_cat","embeddable":true,"href":"https:\/\/www.comstar.com.br\/site\/wp-json\/wp\/v2\/product_cat?post=4675"},{"taxonomy":"product_tag","embeddable":true,"href":"https:\/\/www.comstar.com.br\/site\/wp-json\/wp\/v2\/product_tag?post=4675"}],"curies":[{"name":"wp","href":"https:\/\/api.w.org\/{rel}","templated":true}]}}