{"id":4662,"date":"2022-02-25T15:38:18","date_gmt":"2022-02-25T18:38:18","guid":{"rendered":"https:\/\/www.comstar.com.br\/site\/?post_type=product&#038;p=4662"},"modified":"2025-06-05T17:12:57","modified_gmt":"2025-06-05T20:12:57","slug":"capa-de-chuva-nylon-vermelha","status":"publish","type":"product","link":"https:\/\/www.comstar.com.br\/site\/produto\/capa-de-chuva-nylon-vermelha\/","title":{"rendered":"Conjunto de Chuva Honda Nylon"},"content":{"rendered":"<p>Caracter\u00edsticas:<\/p>\n<p>Jaqueta:<br \/>\n* Gola<br \/>\n* Bolso Interno com z\u00edper<br \/>\n* Abertura de ventila\u00e7\u00e3o nas costas<br \/>\n* Forro tela<br \/>\n* Cintura com ajuste em el\u00e1stico<br \/>\n* Punhos com ajustes em el\u00e1stico e velcro<br \/>\n* Fechamento frontal com z\u00edper e velcro<br \/>\n* Refletivos nas costas<\/p>\n<p>Cal\u00e7a:<br \/>\n* Cintura com ajustes em el\u00e1stico<br \/>\n* Barra da cal\u00e7a com ajustes em velcro<br \/>\n* Detalhes Refletivos na Barra.<\/p>\n<p>C\u00f3digo: ACCCH05000<\/p>\n","protected":false},"excerpt":{"rendered":"<p>Ideal para quem busca eleg\u00e2ncia, conforto e qualidade. O conjunto capa de chuva nylon Honda \u00e9 costurado em m\u00e1quinas retas de alta performance e seladas atrav\u00e9s de processos termo eletr\u00f4nico.<\/p>\n","protected":false},"featured_media":8488,"comment_status":"open","ping_status":"closed","template":"","meta":{"_acf_changed":false},"product_brand":[],"product_cat":[101,148],"product_tag":[],"class_list":{"0":"post-4662","1":"product","2":"type-product","3":"status-publish","4":"has-post-thumbnail","6":"product_cat-acessorios","7":"product_cat-jaquetas","9":"first","10":"instock","11":"shipping-taxable","12":"purchasable","13":"product-type-simple"},"acf":[],"_links":{"self":[{"href":"https:\/\/www.comstar.com.br\/site\/wp-json\/wp\/v2\/product\/4662","targetHints":{"allow":["GET"]}}],"collection":[{"href":"https:\/\/www.comstar.com.br\/site\/wp-json\/wp\/v2\/product"}],"about":[{"href":"https:\/\/www.comstar.com.br\/site\/wp-json\/wp\/v2\/types\/product"}],"replies":[{"embeddable":true,"href":"https:\/\/www.comstar.com.br\/site\/wp-json\/wp\/v2\/comments?post=4662"}],"wp:featuredmedia":[{"embeddable":true,"href":"https:\/\/www.comstar.com.br\/site\/wp-json\/wp\/v2\/media\/8488"}],"wp:attachment":[{"href":"https:\/\/www.comstar.com.br\/site\/wp-json\/wp\/v2\/media?parent=4662"}],"wp:term":[{"taxonomy":"product_brand","embeddable":true,"href":"https:\/\/www.comstar.com.br\/site\/wp-json\/wp\/v2\/product_brand?post=4662"},{"taxonomy":"product_cat","embeddable":true,"href":"https:\/\/www.comstar.com.br\/site\/wp-json\/wp\/v2\/product_cat?post=4662"},{"taxonomy":"product_tag","embeddable":true,"href":"https:\/\/www.comstar.com.br\/site\/wp-json\/wp\/v2\/product_tag?post=4662"}],"curies":[{"name":"wp","href":"https:\/\/api.w.org\/{rel}","templated":true}]}}