{"id":3004,"date":"2021-06-02T15:44:35","date_gmt":"2021-06-02T18:44:35","guid":{"rendered":"https:\/\/comstar.cliente.urcx.com.br\/?post_type=product&#038;p=3004"},"modified":"2025-12-15T11:38:40","modified_gmt":"2025-12-15T14:38:40","slug":"cb-twister-abs-2","status":"publish","type":"product","link":"https:\/\/www.comstar.com.br\/site\/produto\/cb-twister-abs-2\/","title":{"rendered":"CB Twister ABS"},"content":{"rendered":"<div class=\"ficha\">\n<button class=\"tab-link active\" data-target=\"#motor\">Motor<\/button><br \/>\n<button class=\"tab-link\" data-target=\"#sistema\">Sistema el\u00e9trico<\/button><br \/>\n<button class=\"tab-link\" data-target=\"#capacidade\">Capacidade<\/button><br \/>\n<button class=\"tab-link\" data-target=\"#dimensoes\">Dimens\u00f5es<\/button><br \/>\n<button class=\"tab-link\" data-target=\"#chassi\">Chassi<\/button>\n<\/div>\n<div id=\"motor\" class=\"tab-content active\" style=\"display: block;\">\n<p class=\"item\"><strong>Tipo:<\/strong>\u00a0OHC, monocil\u00edndrico, 4 tempos, arrefecido a ar<\/p>\n<p class=\"item\"><strong>Cilindrada:<\/strong>\u00a0293,5 cc<\/p>\n<p class=\"item\"><strong>Pot\u00eancia M\u00e1xima:<\/strong>\u00a018,0 kW (24,5 CV) a 7.500 rpm (Gasolina) \/ 18,2 kW (24,7 CV) a 7.500 rpm (Etanol)<\/p>\n<p class=\"item\"><strong>Torque M\u00e1ximo:<\/strong>\u00a025,6 N.m (2,61 kgf.m) a 5.500 rpm (Gasolina) \/ 26,2 N.m (2,67 kgf.m) a 5.500 rpm (Etanol)<\/p>\n<p class=\"item\"><strong>Transmiss\u00e3o:<\/strong>\u00a06 velocidades<\/p>\n<p class=\"item\"><strong>Sistema de Partida:<\/strong>\u00a0El\u00e9trica<\/p>\n<p class=\"item\"><strong>Di\u00e2metro x Curso:<\/strong>\u00a077,0 x 63,0 mm<\/p>\n<p class=\"item\"><strong>Rela\u00e7\u00e3o de Compress\u00e3o:<\/strong>\u00a09.3 : 1<\/p>\n<p class=\"item\"><strong>Sistema Alimenta\u00e7\u00e3o:<\/strong>\u00a0Inje\u00e7\u00e3o Eletr\u00f4nica PGM-FI<\/p>\n<p class=\"item\"><strong>Combust\u00edvel:<\/strong>\u00a0Gasolina \/ \u00c1lcool<\/p>\n<\/div>\n<div id=\"sistema\" class=\"tab-content\" style=\"display: none;\">\n<p class=\"item\"><strong>Igni\u00e7\u00e3o:<\/strong>\u00a0Eletr\u00f4nica<\/p>\n<p class=\"item\"><strong>Bateria:<\/strong>\u00a012V \u2013 5 Ah<\/p>\n<p class=\"item\"><strong>Farol:<\/strong>\u00a0LED<\/p>\n<\/div>\n<div id=\"capacidade\" class=\"tab-content\" style=\"display: none;\">\n<p class=\"item\"><strong>Tanque de Combust\u00edvel:<\/strong>\u00a014,1 litros<\/p>\n<p class=\"item\"><strong>\u00d3leo do Motor:<\/strong>\u00a02 litros (1,5 litro p\/ troca)<\/p>\n<\/div>\n<div id=\"dimensoes\" class=\"tab-content\" style=\"display: none;\">\n<p class=\"item\"><strong>Comprimento x Largura x Altura:<\/strong>\u00a02084 x 755 x 1075 mm<\/p>\n<p class=\"item\"><strong>Dist\u00e2ncia entre eixos:<\/strong>\u00a01390 mm<\/p>\n<p class=\"item\"><strong>Dist\u00e2ncia m\u00ednima do solo:<\/strong>\u00a0177 mm<\/p>\n<p class=\"item\"><strong>Altura do assento:<\/strong>\u00a0789 mm<\/p>\n<p class=\"item\"><strong>Peso Seco:<\/strong>\u00a0140 kg<\/p>\n<\/div>\n<div id=\"chassi\" class=\"tab-content\" style=\"display: none;\">\n<p class=\"item\"><strong>Tipo:<\/strong>\u00a0Diamond Frame<\/p>\n<p class=\"item\"><strong>Suspens\u00e3o Dianteira\/Curso:<\/strong>\u00a0Garfo telesc\u00f3pico \/ 130 mm<\/p>\n<p class=\"item\"><strong>Suspens\u00e3o Traseira\/Curso:<\/strong>\u00a0Monoamortecida \/ 120 mm<\/p>\n<p class=\"item\"><strong>Freio Dianteiro\/Di\u00e2metro:<\/strong>\u00a0A disco \/ 247,40 mm \/ 276 mm<\/p>\n<p class=\"item\"><strong>Freio Traseiro\/Di\u00e2metro:<\/strong>\u00a0A disco \/ 186 mm \/ 220 mm<\/p>\n<p class=\"item\"><strong>Pneu Dianteiro:<\/strong>\u00a0110\/70R 17 M\/C 54H<\/p>\n<p class=\"item\"><strong>Pneu Traseiro:<\/strong>\u00a0150\/60R 17 M\/C 66H<\/p>\n<\/div>\n","protected":false},"excerpt":{"rendered":"<h1 class=\"title-description center-button-consorcio\"><strong>Destaques<\/strong><\/h1>\n[foogallery id=\"9825\"]\n<div style=\"margin-top: 50px;\">\n<img loading=\"lazy\" decoding=\"async\" class=\"alignnone size-full wp-image-9670 aligncenter\" src=\"https:\/\/www.comstar.com.br\/site\/wp-content\/uploads\/2025\/06\/Logo_3-7.webp\" alt=\"\" width=\"224\" height=\"200\" \/>\n<\/div>\n<p class=\"garantia\"><strong>3 anos de garantia sem limite de quilometragem + \u00f3leo gr\u00e1tis* em 7 revis\u00f5es.<\/strong><br \/>\n* O fornecimento gratuito do \u00f3leo \u00e9 v\u00e1lido a partir da 3\u00aa revis\u00e3o.<\/p>\n","protected":false},"featured_media":10758,"comment_status":"open","ping_status":"closed","template":"","meta":{"_acf_changed":false},"product_brand":[],"product_cat":[110],"product_tag":[],"class_list":{"0":"post-3004","1":"product","2":"type-product","3":"status-publish","4":"has-post-thumbnail","6":"product_cat-produtos-consorcio","8":"first","9":"instock","10":"shipping-taxable","11":"purchasable","12":"product-type-variable"},"acf":[],"_links":{"self":[{"href":"https:\/\/www.comstar.com.br\/site\/wp-json\/wp\/v2\/product\/3004","targetHints":{"allow":["GET"]}}],"collection":[{"href":"https:\/\/www.comstar.com.br\/site\/wp-json\/wp\/v2\/product"}],"about":[{"href":"https:\/\/www.comstar.com.br\/site\/wp-json\/wp\/v2\/types\/product"}],"replies":[{"embeddable":true,"href":"https:\/\/www.comstar.com.br\/site\/wp-json\/wp\/v2\/comments?post=3004"}],"wp:featuredmedia":[{"embeddable":true,"href":"https:\/\/www.comstar.com.br\/site\/wp-json\/wp\/v2\/media\/10758"}],"wp:attachment":[{"href":"https:\/\/www.comstar.com.br\/site\/wp-json\/wp\/v2\/media?parent=3004"}],"wp:term":[{"taxonomy":"product_brand","embeddable":true,"href":"https:\/\/www.comstar.com.br\/site\/wp-json\/wp\/v2\/product_brand?post=3004"},{"taxonomy":"product_cat","embeddable":true,"href":"https:\/\/www.comstar.com.br\/site\/wp-json\/wp\/v2\/product_cat?post=3004"},{"taxonomy":"product_tag","embeddable":true,"href":"https:\/\/www.comstar.com.br\/site\/wp-json\/wp\/v2\/product_tag?post=3004"}],"curies":[{"name":"wp","href":"https:\/\/api.w.org\/{rel}","templated":true}]}}