{"id":2526,"date":"2021-06-01T15:16:07","date_gmt":"2021-06-01T18:16:07","guid":{"rendered":"https:\/\/comstar.cliente.urcx.com.br\/?post_type=product&#038;p=2526"},"modified":"2025-06-05T12:24:18","modified_gmt":"2025-06-05T15:24:18","slug":"elite-125-2","status":"publish","type":"product","link":"https:\/\/www.comstar.com.br\/site\/produto\/elite-125-2\/","title":{"rendered":"Elite 125"},"content":{"rendered":"<p class=\"item\"><strong>Tipo:<\/strong>\u00a0OHC, Monocil\u00edndrico, 4 tempos, arrefecido a ar<\/p>\n<p class=\"item\"><strong>Cilindrada:<\/strong>\u00a0123,9 cc<\/p>\n<p class=\"item\"><strong>Pot\u00eancia M\u00e1xima:<\/strong>\u00a08.2 cv a 6.250 rpm<\/p>\n<p class=\"item\"><strong>Torque M\u00e1ximo:<\/strong>\u00a01.06 kgf.m a 5.000 rpm<\/p>\n<p class=\"item\"><strong>Transmiss\u00e3o:<\/strong>\u00a0Tipo V &#8211; MATIC<\/p>\n<p class=\"item\"><strong>Sistema de Partida:<\/strong>\u00a0El\u00e9trica<\/p>\n<p class=\"item\"><strong>Di\u00e2metro x Curso:<\/strong>\u00a050,0 x 63,1 mm<\/p>\n<p class=\"item\"><strong>Rela\u00e7\u00e3o de Compress\u00e3o:<\/strong>\u00a010.0:1<\/p>\n<p class=\"item\"><strong>Sistema Alimenta\u00e7\u00e3o:<\/strong>\u00a0Inje\u00e7\u00e3o Eletr\u00f4nica PGM-FI<\/p>\n<p class=\"item\"><strong>Combust\u00edvel:<\/strong>\u00a0Gasolina<\/p>\n<p class=\"item\"><strong>Igni\u00e7\u00e3o:<\/strong>\u00a0Eletr\u00f4nica<\/p>\n<p class=\"item\"><strong>Bateria:<\/strong>\u00a012V \u2013 5 Ah<\/p>\n<p class=\"item\"><strong>Farol:<\/strong>\u00a0LED<\/p>\n<p class=\"item\"><strong>Tanque de Combust\u00edvel:<\/strong>\u00a05,3 litros<\/p>\n<p class=\"item\"><strong>\u00d3leo do Motor:<\/strong>\u00a00,75 litro(0,55 litro p\/ troca)<\/p>\n<p class=\"item\"><strong>Comprimento x Largura x Altura:<\/strong>\u00a01830 x 707 x 1172 mm<\/p>\n<p class=\"item\"><strong>Dist\u00e2ncia entre eixos:<\/strong>\u00a01260 mm<\/p>\n<p class=\"item\"><strong>Dist\u00e2ncia m\u00ednima do solo:<\/strong>\u00a0171 mm<\/p>\n<p class=\"item\"><strong>Altura do assento:<\/strong>\u00a0765 mm<\/p>\n<p class=\"item\"><strong>Peso Seco:<\/strong>\u00a0100 kg<\/p>\n<p class=\"item\"><strong>Tipo:<\/strong>\u00a0Monobloco (underbone)<\/p>\n<p class=\"item\"><strong>Suspens\u00e3o Dianteira\/Curso:<\/strong>\u00a0Garfo telesc\u00f3pico\/ 90 mm<\/p>\n<p class=\"item\"><strong>Suspens\u00e3o Traseira\/Curso:<\/strong>\u00a0Monoamortecida\/ 70 mm<\/p>\n<p class=\"item\"><strong>Freio Dianteiro\/Di\u00e2metro:<\/strong>\u00a0A disco\/ 159,8 mm<\/p>\n<p class=\"item\"><strong>Freio Traseiro\/Di\u00e2metro:<\/strong>\u00a0A tambor \/ 130 mm<\/p>\n<p class=\"item\"><strong>Pneu Dianteiro:<\/strong>\u00a090\/90 -12<\/p>\n<p class=\"item\"><strong>Pneu Traseiro:<\/strong>\u00a0100\/90 -10<\/p>\n","protected":false},"excerpt":{"rendered":"<h3><strong>DESIGN<\/strong><\/h3>\n<p><strong>Al\u00e7as do Garupa<\/strong>\u00a0\u2013 As al\u00e7as do garupa da Elite 125 garantem conforto e ainda d\u00e3o um toque de personalidade para o modelo.<\/p>\n<p><strong>Gancho de Utilidades<\/strong>\u00a0\u2013 Para oferecer comodidade e seguran\u00e7a, a Elite 125 vem equipada com dois ganchos, permitindo que o condutor mantenha o guid\u00e3o livre de objetos pendurados, os quais podem afetar a dirigibilidade da scooter.<\/p>\n<p><strong>Porta-luvas<\/strong>\u00a0\u2013 Na parte interna do escudo frontal temos o porta-luvas aberto da Elite 125, proporcionando facilidade para armazenar e transportar pequenos objetos.<\/p>\n<p><strong>Porta-objetos central<\/strong>\u00a0\u2013 Com capacidade de 15,2 litros, o porta-objeto central da Elite 125 agora possui uma maior capacidade volum\u00e9trica, permitindo acomodar com tranquilidade um capacete aberto, proporcionando comodidade. <\/p>\n<p><strong>Tampa de combust\u00edvel externa<\/strong>\u00a0\u2013 Nova localiza\u00e7\u00e3o da tampa de combust\u00edvel, possibilitando que voc\u00ea abaste\u00e7a a sua Elite 125 sem sair dela. <\/p>\n<p><strong>Conforto<\/strong>\u00a0\u2013 Movimente-se pela cidade sem abrir m\u00e3o de conforto. Com um bom espa\u00e7o para as pernas entre o assento e o escudo frontal. <\/p>\n<h3><strong>SEGURAN\u00c7A<\/strong><\/h3>\n<p><strong>Freios CBS\u00a0<\/strong>\u2013 O sistema de freios CBS da Elite 125 distribui a frenagem de maneira equilibrada entre as rodas traseira e dianteira, proporcionando uma pilotagem ainda mais segura.<\/p>\n<p><strong>Cavalete Central\u00a0<\/strong>\u2013 O cavalete central da Elite 125 oferece seguran\u00e7a para estacionar em diferentes superf\u00edcies e ainda facilita na manuten\u00e7\u00e3o. \u00c9 muita praticidade!<\/p>\n<p><strong>Pedaleira do Passageiro\u00a0<\/strong>\u2013 Com a nova pedaleira aumentada da Honda Elite 125 (o garupa\/passageiro conta com mais espa\u00e7o para os p\u00e9s) h\u00e1 um maior conforto e seguran\u00e7a.<\/p>\n<p><strong>Freio de estacionamento\u00a0<\/strong>\u2013 Mais uma garantia de seguran\u00e7a, a Elite 125 conta com freio de estacionamento para voc\u00ea parar com tranquilidade em locais \u00edngremes.<\/p>\n<p><strong>Shutter Key\u00a0<\/strong>\u2013 O sistema de miolo de igni\u00e7\u00e3o com Shutter Key gera seguran\u00e7a para o condutor no momento de estacionar a sua scooter Honda Elite 125. A chave possui codifica\u00e7\u00e3o atrav\u00e9s de \u00edm\u00e3s e mant\u00e9m o contato de igni\u00e7\u00e3o protegido.<\/p>\n<p><strong>TECNOLOGIA<\/strong><\/p>\n<p><b>Painel 100% Digital\u00a0<\/b>\u2013 A Elite 125 n\u00e3o te deixa parar, e para garantir a melhor entrega em custo benef\u00edcio, o seu painel \u00e9 100% digital, contando, ainda, com rel\u00f3gio, veloc\u00edmetro, indicadores de combust\u00edvel, hod\u00f4metro, luz-espia, luz indicador ECO e indicador de consumo instant\u00e2neo.<\/p>\n<p><strong>Idling Stop<\/strong>\u00a0\u2013 O sistema Idling Stop est\u00e1 presente na Elite 125, respons\u00e1vel por desligar o motor da scooter ap\u00f3s 3 segundos sem acelera\u00e7\u00e3o, assim que o motor atingir a temperatura ideal de funcionamento, proporciona menor emiss\u00e3o de poluentes e maior economia de combust\u00edvel. <\/p>\n<p><strong>Transmiss\u00e3o CVT<\/strong>\u00a0\u2013 Com transmiss\u00e3o CVT (transmiss\u00e3o continuamente vari\u00e1vel) da Honda Elite 125, a varia\u00e7\u00e3o das polias altera a entrega de torque sem a necessidade de mudan\u00e7a de marcha manual. <\/p>\n<p><strong>Luz de Presen\u00e7a e Farol de LED<\/strong>\u00a0\u2013 As luzes de posi\u00e7\u00e3o est\u00e3o localizadas na parte superior frontal, o que garante melhor visibilidade e o farol em LED da Elite 125 possui um amplo campo de vis\u00e3o, assegurando que o condutor veja e seja visto. <\/p>\n<p><strong>Novo Motor<\/strong>\u00a0\u2013 O novo motor da Honda Elite 125 possui 123,9 cm\u00b3 e conta com a tecnologia eSP, que oferece um funcionamento com menor atrito entre as partes internas do motor, garante efici\u00eancia e economia ao ser acelerado.<\/p>\n","protected":false},"featured_media":8340,"comment_status":"open","ping_status":"closed","template":"","meta":{"_acf_changed":false},"product_brand":[],"product_cat":[110],"product_tag":[],"class_list":{"0":"post-2526","1":"product","2":"type-product","3":"status-publish","4":"has-post-thumbnail","6":"product_cat-produtos-consorcio","8":"first","9":"instock","10":"shipping-taxable","11":"purchasable","12":"product-type-variable"},"acf":[],"_links":{"self":[{"href":"https:\/\/www.comstar.com.br\/site\/wp-json\/wp\/v2\/product\/2526","targetHints":{"allow":["GET"]}}],"collection":[{"href":"https:\/\/www.comstar.com.br\/site\/wp-json\/wp\/v2\/product"}],"about":[{"href":"https:\/\/www.comstar.com.br\/site\/wp-json\/wp\/v2\/types\/product"}],"replies":[{"embeddable":true,"href":"https:\/\/www.comstar.com.br\/site\/wp-json\/wp\/v2\/comments?post=2526"}],"wp:featuredmedia":[{"embeddable":true,"href":"https:\/\/www.comstar.com.br\/site\/wp-json\/wp\/v2\/media\/8340"}],"wp:attachment":[{"href":"https:\/\/www.comstar.com.br\/site\/wp-json\/wp\/v2\/media?parent=2526"}],"wp:term":[{"taxonomy":"product_brand","embeddable":true,"href":"https:\/\/www.comstar.com.br\/site\/wp-json\/wp\/v2\/product_brand?post=2526"},{"taxonomy":"product_cat","embeddable":true,"href":"https:\/\/www.comstar.com.br\/site\/wp-json\/wp\/v2\/product_cat?post=2526"},{"taxonomy":"product_tag","embeddable":true,"href":"https:\/\/www.comstar.com.br\/site\/wp-json\/wp\/v2\/product_tag?post=2526"}],"curies":[{"name":"wp","href":"https:\/\/api.w.org\/{rel}","templated":true}]}}