{"id":1559,"date":"2021-04-20T12:29:30","date_gmt":"2021-04-20T15:29:30","guid":{"rendered":"http:\/\/comstar.cliente.urcx.com.br\/wordpress\/?post_type=product&#038;p=1559"},"modified":"2025-11-03T16:52:56","modified_gmt":"2025-11-03T19:52:56","slug":"honda-pcx-160-dlx-2026","status":"publish","type":"product","link":"https:\/\/www.comstar.com.br\/site\/produto\/honda-pcx-160-dlx-2026\/","title":{"rendered":"PCX 160 DLX 2026"},"content":{"rendered":"<div class=\"ficha\">\n<button class=\"tab-link active\" data-target=\"#motor\">Motor<\/button><br \/>\n<button class=\"tab-link\" data-target=\"#sistema\">Sistema el\u00e9trico<\/button><br \/>\n<button class=\"tab-link\" data-target=\"#capacidade\">Capacidade<\/button><br \/>\n<button class=\"tab-link\" data-target=\"#dimensoes\">Dimens\u00f5es<\/button><br \/>\n<button class=\"tab-link\" data-target=\"#chassi\">Chassi<\/button>\n<\/div>\n<div id=\"motor\" class=\"tab-content active\" style=\"display: block;\">\n<p class=\"item\"><strong>Tipo:<\/strong>\u00a0OHC, Monocil\u00edndrico, 4 tempos, arrefecido a l\u00edquido<\/p>\n<p class=\"item\"><strong>Cilindrada:<\/strong>\u00a0156,9 cc<\/p>\n<p class=\"item\"><strong>Pot\u00eancia M\u00e1xima:<\/strong>\u00a016CV a 8.500 rpm<\/p>\n<p class=\"item\"><strong>Torque M\u00e1ximo:<\/strong>\u00a01,5 kgf.m a 6.500 rpm<\/p>\n<p class=\"item\"><strong>Transmiss\u00e3o:<\/strong>\u00a0Autom\u00e1tica, do tipo V &#8211; MATIC<\/p>\n<p class=\"item\"><strong>Sistema de Partida:<\/strong>\u00a0El\u00e9trico<\/p>\n<p class=\"item\"><strong>Di\u00e2metro x Curso:<\/strong>\u00a060,0 x 55,5 mm<\/p>\n<p class=\"item\"><strong>Rela\u00e7\u00e3o de Compress\u00e3o:<\/strong>\u00a012,0 : 1<\/p>\n<p class=\"item\"><strong>Sistema Alimenta\u00e7\u00e3o:<\/strong>\u00a0Inje\u00e7\u00e3o Eletr\u00f4nica PGM-FI<\/p>\n<p class=\"item\"><strong>Combust\u00edvel:<\/strong>\u00a0Gasolina<\/p>\n<\/div>\n<div id=\"sistema\" class=\"tab-content\" style=\"display: none;\">\n<p class=\"item\"><strong>Igni\u00e7\u00e3o:<\/strong>\u00a0Eletr\u00f4nica<\/p>\n<p class=\"item\"><strong>Bateria:<\/strong>\u00a012V \u2013 5 Ah<\/p>\n<p class=\"item\"><strong>Farol:<\/strong>\u00a0LED<\/p>\n<\/div>\n<div id=\"capacidade\" class=\"tab-content\" style=\"display: none;\">\n<p class=\"item\"><strong>Tanque de Combust\u00edvel:<\/strong>\u00a08 Litros<\/p>\n<p class=\"item\"><strong>\u00d3leo do Motor:<\/strong>\u00a00,9 Litro<\/p>\n<\/div>\n<div id=\"dimensoes\" class=\"tab-content\" style=\"display: none;\">\n<p class=\"item\"><strong>Comprimento x Largura x Altura:<\/strong>\u00a01935 x 742 x 1108 mm<\/p>\n<p class=\"item\"><strong>Dist\u00e2ncia entre eixos:<\/strong>\u00a01313 mm<\/p>\n<p class=\"item\"><strong>Dist\u00e2ncia m\u00ednima do solo:<\/strong>\u00a0134 mm<\/p>\n<p class=\"item\"><strong>Altura do assento:<\/strong>\u00a0764 mm<\/p>\n<p class=\"item\"><strong>Peso Seco:<\/strong>\u00a0126Kg (ABS) ; 124Kg (CBS)<\/p>\n<\/div>\n<div id=\"chassi\" class=\"tab-content\" style=\"display: none;\">\n<p class=\"item\"><strong>Tipo:<\/strong>\u00a0Monobloco (underbone)<\/p>\n<p class=\"item\"><strong>Suspens\u00e3o Dianteira\/Curso:<\/strong>\u00a0Garfo telesc\u00f3pico \/ 100 mm<\/p>\n<p class=\"item\"><strong>Suspens\u00e3o Traseira\/Curso:<\/strong>\u00a0Dois amortecedores \/ 100 mm<\/p>\n<p class=\"item\"><strong>Freio Dianteiro\/Di\u00e2metro:<\/strong>\u00a0A disco\/ 220mm<\/p>\n<p class=\"item\"><strong>Freio Traseiro\/Di\u00e2metro:<\/strong>\u00a0A disco \/ 220mm (ABS); A tambor \/ 130mm (CBS)<\/p>\n<p class=\"item\"><strong>Pneu Dianteiro:<\/strong>\u00a0110\/70 \u2013 14<\/p>\n<p class=\"item\"><strong>Pneu Traseiro:<\/strong>\u00a0130\/70 \u2013 13<\/p>\n<\/div>\n","protected":false},"excerpt":{"rendered":"<h1 class=\"title-description center-button-consorcio\"><strong>Destaques<\/strong><\/h1>\n[foogallery id=\"9852\"]\n<div style=\"margin-top: 50px;\">\n<img loading=\"lazy\" decoding=\"async\" class=\"alignnone size-full wp-image-9670 aligncenter\" src=\"https:\/\/www.comstar.com.br\/site\/wp-content\/uploads\/2025\/06\/Logo_3-7.webp\" alt=\"\" width=\"224\" height=\"200\" \/>\n<\/div>\n<p class=\"garantia\"><strong>3 anos de garantia sem limite de quilometragem + \u00f3leo gr\u00e1tis* em 7 revis\u00f5es.<\/strong><br \/>\n* O fornecimento gratuito do \u00f3leo \u00e9 v\u00e1lido a partir da 3\u00aa revis\u00e3o.<\/p>\n","protected":false},"featured_media":11136,"comment_status":"open","ping_status":"closed","template":"","meta":{"_acf_changed":false},"product_brand":[],"product_cat":[73,71],"product_tag":[],"class_list":{"0":"post-1559","1":"product","2":"type-product","3":"status-publish","4":"has-post-thumbnail","6":"product_cat-street-scooter","7":"product_cat-street","9":"first","10":"instock","11":"shipping-taxable","12":"purchasable","13":"product-type-variable","14":"has-default-attributes"},"acf":[],"_links":{"self":[{"href":"https:\/\/www.comstar.com.br\/site\/wp-json\/wp\/v2\/product\/1559","targetHints":{"allow":["GET"]}}],"collection":[{"href":"https:\/\/www.comstar.com.br\/site\/wp-json\/wp\/v2\/product"}],"about":[{"href":"https:\/\/www.comstar.com.br\/site\/wp-json\/wp\/v2\/types\/product"}],"replies":[{"embeddable":true,"href":"https:\/\/www.comstar.com.br\/site\/wp-json\/wp\/v2\/comments?post=1559"}],"wp:featuredmedia":[{"embeddable":true,"href":"https:\/\/www.comstar.com.br\/site\/wp-json\/wp\/v2\/media\/11136"}],"wp:attachment":[{"href":"https:\/\/www.comstar.com.br\/site\/wp-json\/wp\/v2\/media?parent=1559"}],"wp:term":[{"taxonomy":"product_brand","embeddable":true,"href":"https:\/\/www.comstar.com.br\/site\/wp-json\/wp\/v2\/product_brand?post=1559"},{"taxonomy":"product_cat","embeddable":true,"href":"https:\/\/www.comstar.com.br\/site\/wp-json\/wp\/v2\/product_cat?post=1559"},{"taxonomy":"product_tag","embeddable":true,"href":"https:\/\/www.comstar.com.br\/site\/wp-json\/wp\/v2\/product_tag?post=1559"}],"curies":[{"name":"wp","href":"https:\/\/api.w.org\/{rel}","templated":true}]}}