{"id":1160,"date":"2021-03-31T21:44:06","date_gmt":"2021-04-01T00:44:06","guid":{"rendered":"http:\/\/comstar.cliente.urcx.com.br\/wordpress\/?post_type=product&#038;p=1160"},"modified":"2025-09-17T17:31:15","modified_gmt":"2025-09-17T20:31:15","slug":"honda-nxr-160-bros-cbs-2026","status":"publish","type":"product","link":"https:\/\/www.comstar.com.br\/site\/produto\/honda-nxr-160-bros-cbs-2026\/","title":{"rendered":"NXR 160 Bros CBS 2026"},"content":{"rendered":"<div class=\"ficha\">\n<button class=\"tab-link active\" data-target=\"#motor\">Motor<\/button><br \/>\n<button class=\"tab-link\" data-target=\"#sistema\">Sistema el\u00e9trico<\/button><br \/>\n<button class=\"tab-link\" data-target=\"#capacidade\">Capacidade<\/button><br \/>\n<button class=\"tab-link\" data-target=\"#dimensoes\">Dimens\u00f5es<\/button><br \/>\n<button class=\"tab-link\" data-target=\"#chassi\">Chassi<\/button>\n<\/div>\n<div id=\"motor\" class=\"tab-content active\" style=\"display: block;\">\n<p class=\"item\"><strong>Tipo:<\/strong>\u00a0OHC, Monocil\u00edndrico 4 tempos, arrefecido a ar.<\/p>\n<p class=\"item\"><strong>Cilindrada:<\/strong>\u00a0162,7 cc<\/p>\n<p class=\"item\"><strong>Pot\u00eancia M\u00e1xima:<\/strong>\u00a010,4 kW (14,2 CV) a 8000 rpm (Gasolina)\/ 10,5 KW (14,3 CV) a 8000 rpm (Etanol)<\/p>\n<p class=\"item\"><strong>Torque M\u00e1ximo:<\/strong>\u00a014,1 N.m (1,44 kgf.m) a 5500 rpm (Gasolina)\/ 14,2 N.m (1,45 kgf.m) a 5500 rpm \u00c0lcool (etanol)<\/p>\n<p class=\"item\"><strong>Transmiss\u00e3o:<\/strong>\u00a05 velocidades<\/p>\n<p class=\"item\"><strong>Sistema de Partida:<\/strong>\u00a0El\u00e9trica<\/p>\n<p class=\"item\"><strong>Di\u00e2metro x Curso:<\/strong>\u00a057,300 x 63,096 mm<\/p>\n<p class=\"item\"><strong>Rela\u00e7\u00e3o de Compress\u00e3o:<\/strong>\u00a09.5 : 1<\/p>\n<p class=\"item\"><strong>Sistema Alimenta\u00e7\u00e3o:<\/strong>\u00a0Inje\u00e7\u00e3o Eletr\u00f4nica, PGM FI<\/p>\n<p class=\"item\"><strong>Combust\u00edvel:<\/strong>\u00a0Gasolina e\/ou Etanol<\/p>\n<\/div>\n<div id=\"sistema\" class=\"tab-content\" style=\"display: none;\">\n<p class=\"item\"><strong>Igni\u00e7\u00e3o:<\/strong>\u00a0Eletr\u00f4nica<\/p>\n<p class=\"item\"><strong>Bateria:<\/strong>\u00a012V &#8211; 4 Ah<\/p>\n<p class=\"item\"><strong>Farol:<\/strong>\u00a0LED<\/p>\n<\/div>\n<div id=\"capacidade\" class=\"tab-content\" style=\"display: none;\">\n<p class=\"item\"><strong>Tanque de Combust\u00edvel:<\/strong>\u00a012,0 litros<\/p>\n<p class=\"item\"><strong>\u00d3leo do Motor:<\/strong>\u00a01,2L (1,0 litro p\/ troca) <\/p>\n<\/div>\n<div id=\"dimensoes\" class=\"tab-content\" style=\"display: none;\">\n<p class=\"item\"><strong>Comprimento x Largura x Altura:<\/strong>\u00a02067 x 810 x 1151 mm<\/p>\n<p class=\"item\"><strong>Dist\u00e2ncia entre eixos:<\/strong>\u00a01356 mm<\/p>\n<p class=\"item\"><strong>Dist\u00e2ncia m\u00ednima do solo:<\/strong>\u00a0247 mm<\/p>\n<p class=\"item\"><strong>Altura do assento:<\/strong>\u00a0836 mm<\/p>\n<p class=\"item\"><strong>Peso Seco:<\/strong>\u00a0125 kg<\/p>\n<\/div>\n<div id=\"chassi\" class=\"tab-content\" style=\"display: none;\">\n<p class=\"item\"><strong>Tipo:<\/strong>\u00a0Ber\u00e7o Semi duplo<\/p>\n<p class=\"item\"><strong>Suspens\u00e3o Dianteira\/Curso:<\/strong>\u00a0Garfo telesc\u00f3pico \/ 180<\/p>\n<p class=\"item\"><strong>Suspens\u00e3o Traseira\/Curso:<\/strong>\u00a0Mono Shock<\/p>\n<p class=\"item\"><strong>Freio Dianteiro\/Di\u00e2metro:<\/strong>\u00a0A disco \/ 217 mm \/ 240 mm<\/p>\n<p class=\"item\"><strong>Freio Traseiro\/Di\u00e2metro:<\/strong>\u00a0A disco \/ 186 mm \/ 220 mm<\/p>\n<p class=\"item\"><strong>Pneu Dianteiro:<\/strong>\u00a090\/90 -19M\/C 52P<\/p>\n<p class=\"item\"><strong>Pneu Traseiro:<\/strong>\u00a0110\/90 -17M\/C 60P<\/p>\n<\/div>\n","protected":false},"excerpt":{"rendered":"<h1 class=\"title-description center-button-consorcio\"><strong>Destaques<\/strong><\/h1>\n[foogallery id=\"9863\"]\n<div style=\"margin-top: 50px;\">\n<img loading=\"lazy\" decoding=\"async\" class=\"alignnone size-full wp-image-9670 aligncenter\" src=\"https:\/\/www.comstar.com.br\/site\/wp-content\/uploads\/2025\/06\/Logo_3-7.webp\" alt=\"\" width=\"224\" height=\"200\" \/>\n<\/div>\n<p class=\"garantia\"><strong>3 anos de garantia sem limite de quilometragem + \u00f3leo gr\u00e1tis* em 7 revis\u00f5es.<\/strong><br \/>\n* O fornecimento gratuito do \u00f3leo \u00e9 v\u00e1lido a partir da 3\u00aa revis\u00e3o.<\/p>\n","protected":false},"featured_media":11064,"comment_status":"open","ping_status":"closed","template":"","meta":{"_acf_changed":false},"product_brand":[],"product_cat":[75,76],"product_tag":[],"class_list":{"0":"post-1160","1":"product","2":"type-product","3":"status-publish","4":"has-post-thumbnail","6":"product_cat-adventure","7":"product_cat-adventure-trail","9":"first","10":"instock","11":"shipping-taxable","12":"purchasable","13":"product-type-variable","14":"has-default-attributes"},"acf":[],"_links":{"self":[{"href":"https:\/\/www.comstar.com.br\/site\/wp-json\/wp\/v2\/product\/1160","targetHints":{"allow":["GET"]}}],"collection":[{"href":"https:\/\/www.comstar.com.br\/site\/wp-json\/wp\/v2\/product"}],"about":[{"href":"https:\/\/www.comstar.com.br\/site\/wp-json\/wp\/v2\/types\/product"}],"replies":[{"embeddable":true,"href":"https:\/\/www.comstar.com.br\/site\/wp-json\/wp\/v2\/comments?post=1160"}],"wp:featuredmedia":[{"embeddable":true,"href":"https:\/\/www.comstar.com.br\/site\/wp-json\/wp\/v2\/media\/11064"}],"wp:attachment":[{"href":"https:\/\/www.comstar.com.br\/site\/wp-json\/wp\/v2\/media?parent=1160"}],"wp:term":[{"taxonomy":"product_brand","embeddable":true,"href":"https:\/\/www.comstar.com.br\/site\/wp-json\/wp\/v2\/product_brand?post=1160"},{"taxonomy":"product_cat","embeddable":true,"href":"https:\/\/www.comstar.com.br\/site\/wp-json\/wp\/v2\/product_cat?post=1160"},{"taxonomy":"product_tag","embeddable":true,"href":"https:\/\/www.comstar.com.br\/site\/wp-json\/wp\/v2\/product_tag?post=1160"}],"curies":[{"name":"wp","href":"https:\/\/api.w.org\/{rel}","templated":true}]}}