{"id":10273,"date":"2025-06-23T11:42:19","date_gmt":"2025-06-23T14:42:19","guid":{"rendered":"https:\/\/www.comstar.com.br\/site\/?post_type=product&#038;p=10273"},"modified":"2025-12-04T15:09:41","modified_gmt":"2025-12-04T18:09:41","slug":"honda-nc-750x-dct-2026","status":"publish","type":"product","link":"https:\/\/www.comstar.com.br\/site\/produto\/honda-nc-750x-dct-2026\/","title":{"rendered":"NC 750X DCT 2026"},"content":{"rendered":"<div class=\"ficha\">\n<button class=\"tab-link active\" data-target=\"#motor\">Motor<\/button><br \/>\n<button class=\"tab-link\" data-target=\"#sistema\">Sistema el\u00e9trico<\/button><br \/>\n<button class=\"tab-link\" data-target=\"#capacidade\">Capacidade<\/button><br \/>\n<button class=\"tab-link\" data-target=\"#dimensoes\">Dimens\u00f5es<\/button><br \/>\n<button class=\"tab-link\" data-target=\"#chassi\">Chassi<\/button>\n<\/div>\n<div id=\"motor\" class=\"tab-content active\" style=\"display: block;\">\n<p class=\"item\"><strong>Tipo:<\/strong>\u00a0OHC, 2 cilindros, 4 tempos, arrefecimento l\u00edquido<\/p>\n<p class=\"item\"><strong>Cilindrada:<\/strong>\u00a0745 cc<\/p>\n<p class=\"item\"><strong>Pot\u00eancia M\u00e1xima:<\/strong>\u00a058,6 cv a 6.750 rpm<\/p>\n<p class=\"item\"><strong>Torque M\u00e1ximo:<\/strong>\u00a07,0 kgf.m a 4.750 rpm<\/p>\n<p class=\"item\"><strong>Transmiss\u00e3o:<\/strong>\u00a06 velocidades<\/p>\n<p class=\"item\"><strong>Sistema de Partida:<\/strong>\u00a0El\u00e9trica<\/p>\n<p class=\"item\"><strong>Di\u00e2metro x Curso:<\/strong>\u00a077,0 x 80,0 mm<\/p>\n<p class=\"item\"><strong>Rela\u00e7\u00e3o de Compress\u00e3o:<\/strong>\u00a010.7:1<\/p>\n<p class=\"item\"><strong>Sistema Alimenta\u00e7\u00e3o:<\/strong>\u00a0Inje\u00e7\u00e3o Eletr\u00f4nica PGM-FI<\/p>\n<p class=\"item\"><strong>Combust\u00edvel:<\/strong>\u00a0Gasolina<\/p>\n<\/div>\n<div id=\"sistema\" class=\"tab-content\" style=\"display: none;\">\n<p class=\"item\"><strong>Igni\u00e7\u00e3o:<\/strong>\u00a0Eletr\u00f4nica<\/p>\n<p class=\"item\"><strong>Bateria:<\/strong>\u00a012 V \u2013 11 Ah<\/p>\n<p class=\"item\"><strong>Farol:<\/strong>\u00a0LED<\/p>\n<\/div>\n<div id=\"capacidade\" class=\"tab-content\" style=\"display: none;\">\n<p class=\"item\"><strong>Tanque de Combust\u00edvel:<\/strong>\u00a014,1 litros<\/p>\n<p class=\"item\"><strong>\u00d3leo do Motor:<\/strong>\u00a04,0 litros (3,4L p\/troca)<\/p>\n<\/div>\n<div id=\"dimensoes\" class=\"tab-content\" style=\"display: none;\">\n<p class=\"item\"><strong>Comprimento x Largura x Altura:<\/strong>\u00a02210 x 846 x 1332 mm<\/p>\n<p class=\"item\"><strong>Dist\u00e2ncia entre eixos:<\/strong>\u00a0MT: 1526 mm | DCT: 1531 mm<\/p>\n<p class=\"item\"><strong>Dist\u00e2ncia m\u00ednima do solo:<\/strong>\u00a0142 mm<\/p>\n<p class=\"item\"><strong>Altura do assento:<\/strong>\u00a0802 mm<\/p>\n<p class=\"item\"><strong>Peso Seco:<\/strong>\u00a0MT: 204 kg | DCT: 214 Kg<\/p>\n<\/div>\n<div id=\"chassi\" class=\"tab-content\" style=\"display: none;\">\n<p class=\"item\"><strong>Tipo:<\/strong>\u00a0Diamond Frame<\/p>\n<p class=\"item\"><strong>Suspens\u00e3o Dianteira\/Curso:<\/strong>\u00a0Garfo telesc\u00f3pico &#8211; 120 mm<\/p>\n<p class=\"item\"><strong>Suspens\u00e3o Traseira\/Curso:<\/strong>\u00a0MT: Pro-Link \/121 mm | DCT: Pro-Link \/122 mm<\/p>\n<p class=\"item\"><strong>Freio Dianteiro\/Di\u00e2metro:<\/strong>\u00a0A disco duplo \/ 296 mm<\/p>\n<p class=\"item\"><strong>Freio Traseiro\/Di\u00e2metro:<\/strong>\u00a0A disco \/ 240 mm<\/p>\n<p class=\"item\"><strong>Pneu Dianteiro:<\/strong>\u00a0120\/70 &#8211; ZR17M\/C (58W)<\/p>\n<p class=\"item\"><strong>Pneu Traseiro:<\/strong>\u00a0160\/60 &#8211; ZR17M\/C (69W)<\/p>\n<\/div>\n","protected":false},"excerpt":{"rendered":"<h1 class=\"title-description center-button-consorcio\"><strong>Destaques<\/strong><\/h1>\n[foogallery id=\"9903\"]\n<div style=\"margin-top: 50px;\">\n<img loading=\"lazy\" decoding=\"async\" class=\"alignnone size-full wp-image-9670 aligncenter\" src=\"https:\/\/www.comstar.com.br\/site\/wp-content\/uploads\/2025\/06\/Logo_3-7.webp\" alt=\"\" width=\"224\" height=\"200\" \/>\n<\/div>\n<p class=\"garantia\"><strong>3 anos de garantia sem limite de quilometragem + \u00f3leo gr\u00e1tis* em 7 revis\u00f5es.<\/strong><br \/>\n* O fornecimento gratuito do \u00f3leo \u00e9 v\u00e1lido a partir da 3\u00aa revis\u00e3o.<\/p>\n","protected":false},"featured_media":11196,"comment_status":"open","ping_status":"closed","template":"","meta":{"_acf_changed":false},"product_brand":[],"product_cat":[75,77],"product_tag":[],"class_list":{"0":"post-10273","1":"product","2":"type-product","3":"status-publish","4":"has-post-thumbnail","6":"product_cat-adventure","7":"product_cat-adventure-crossover","9":"first","10":"instock","11":"shipping-taxable","12":"purchasable","13":"product-type-variable","14":"has-default-attributes"},"acf":[],"_links":{"self":[{"href":"https:\/\/www.comstar.com.br\/site\/wp-json\/wp\/v2\/product\/10273","targetHints":{"allow":["GET"]}}],"collection":[{"href":"https:\/\/www.comstar.com.br\/site\/wp-json\/wp\/v2\/product"}],"about":[{"href":"https:\/\/www.comstar.com.br\/site\/wp-json\/wp\/v2\/types\/product"}],"replies":[{"embeddable":true,"href":"https:\/\/www.comstar.com.br\/site\/wp-json\/wp\/v2\/comments?post=10273"}],"wp:featuredmedia":[{"embeddable":true,"href":"https:\/\/www.comstar.com.br\/site\/wp-json\/wp\/v2\/media\/11196"}],"wp:attachment":[{"href":"https:\/\/www.comstar.com.br\/site\/wp-json\/wp\/v2\/media?parent=10273"}],"wp:term":[{"taxonomy":"product_brand","embeddable":true,"href":"https:\/\/www.comstar.com.br\/site\/wp-json\/wp\/v2\/product_brand?post=10273"},{"taxonomy":"product_cat","embeddable":true,"href":"https:\/\/www.comstar.com.br\/site\/wp-json\/wp\/v2\/product_cat?post=10273"},{"taxonomy":"product_tag","embeddable":true,"href":"https:\/\/www.comstar.com.br\/site\/wp-json\/wp\/v2\/product_tag?post=10273"}],"curies":[{"name":"wp","href":"https:\/\/api.w.org\/{rel}","templated":true}]}}