{"id":8136,"date":"2025-02-04T11:33:10","date_gmt":"2025-02-04T14:33:10","guid":{"rendered":"https:\/\/www.comstar.com.br\/site\/?page_id=8136"},"modified":"2025-02-21T09:51:24","modified_gmt":"2025-02-21T12:51:24","slug":"oficina","status":"publish","type":"page","link":"https:\/\/www.comstar.com.br\/site\/oficina\/","title":{"rendered":"Agende seu Servi\u00e7o"},"content":{"rendered":"\n<div class=\"wp-block-cover alignfull\"><span aria-hidden=\"true\" class=\"wp-block-cover__background has-black-background-color has-background-dim\"><\/span><img loading=\"lazy\" decoding=\"async\" width=\"1280\" height=\"720\" class=\"wp-block-cover__image-background wp-image-8268\" alt=\"\" src=\"https:\/\/www.comstar.com.br\/site\/wp-content\/uploads\/2025\/02\/859e1812-ac97-4576-a8bd-a097f551d83f-1.webp\" data-object-fit=\"cover\" srcset=\"https:\/\/www.comstar.com.br\/site\/wp-content\/uploads\/2025\/02\/859e1812-ac97-4576-a8bd-a097f551d83f-1.webp 1280w, https:\/\/www.comstar.com.br\/site\/wp-content\/uploads\/2025\/02\/859e1812-ac97-4576-a8bd-a097f551d83f-1-300x169.webp 300w, https:\/\/www.comstar.com.br\/site\/wp-content\/uploads\/2025\/02\/859e1812-ac97-4576-a8bd-a097f551d83f-1-1024x576.webp 1024w, https:\/\/www.comstar.com.br\/site\/wp-content\/uploads\/2025\/02\/859e1812-ac97-4576-a8bd-a097f551d83f-1-768x432.webp 768w, https:\/\/www.comstar.com.br\/site\/wp-content\/uploads\/2025\/02\/859e1812-ac97-4576-a8bd-a097f551d83f-1-416x234.webp 416w\" sizes=\"auto, (max-width: 1280px) 100vw, 1280px\" \/><div class=\"wp-block-cover__inner-container is-layout-flow wp-block-cover-is-layout-flow\">\n<h1 class=\"wp-block-heading has-text-align-center has-white-color has-text-color\">Agende seu Servi\u00e7o<\/h1>\n<\/div><\/div>\n\n\n\n<div style=\"height:100px\" aria-hidden=\"true\" class=\"wp-block-spacer\"><\/div>\n\n\n\n<div class=\"wp-block-columns are-vertically-aligned-center is-layout-flex wp-container-core-columns-is-layout-28f84493 wp-block-columns-is-layout-flex\">\n<div class=\"wp-block-column is-vertically-aligned-center is-layout-flow wp-block-column-is-layout-flow\">\n<h2 class=\"wp-block-heading has-text-align-center\">Agende um servi\u00e7o na sua moto com a loja de prefer\u00eancia online.<\/h2>\n\n\n\n<h2 class=\"wp-block-heading has-text-align-center\" id=\"nossas-lojas\"><\/h2>\n\n\n\n<div class=\"wp-block-columns is-layout-flex wp-container-core-columns-is-layout-28f84493 wp-block-columns-is-layout-flex\">\n<div class=\"wp-block-column is-layout-flow wp-block-column-is-layout-flow\"><div class=\"wp-block-image\">\n<figure class=\"aligncenter size-full\"><img loading=\"lazy\" decoding=\"async\" width=\"64\" height=\"64\" src=\"https:\/\/www.comstar.com.br\/site\/wp-content\/uploads\/2025\/02\/placeholder64x64.webp\" alt=\"\" class=\"wp-image-8385\"\/><\/figure>\n<\/div>\n\n\n<h4 class=\"wp-block-heading has-text-align-center\" id=\"pamplona\">Pamplona<\/h4>\n\n\n\n<p class=\"has-text-align-center\">Rua Pamplona, 1072 \u2013 Jardim Paulista \u2013 S\u00e3o Paulo, SP<\/p>\n\n\n\n<div class=\"wp-block-buttons is-horizontal is-content-justification-center is-layout-flex wp-container-core-buttons-is-layout-03627597 wp-block-buttons-is-layout-flex\">\n<div class=\"wp-block-button\"><a class=\"wp-block-button__link wp-element-button\" href=\"https:\/\/www.agendamentodigitalhonda.com.br\/s\/?segment=HDA&amp;dealerCode=1011006\" target=\"_blank\" rel=\"noreferrer noopener\">Agende seu Servi\u00e7o<\/a><\/div>\n<\/div>\n<\/div>\n\n\n\n<div class=\"wp-block-column is-layout-flow wp-block-column-is-layout-flow\"><div class=\"wp-block-image\">\n<figure class=\"aligncenter size-full\"><img loading=\"lazy\" decoding=\"async\" width=\"64\" height=\"64\" src=\"https:\/\/www.comstar.com.br\/site\/wp-content\/uploads\/2025\/02\/placeholder64x64.webp\" alt=\"\" class=\"wp-image-8385\"\/><\/figure>\n<\/div>\n\n\n<h4 class=\"wp-block-heading has-text-align-center\" id=\"cotia\">Cotia<\/h4>\n\n\n\n<p class=\"has-text-align-center\">Rua Adolfo Eug\u00eanio Barsotine, 52 &#8211; Cotia, SP<\/p>\n\n\n\n<div class=\"wp-block-buttons is-horizontal is-content-justification-center is-layout-flex wp-container-core-buttons-is-layout-03627597 wp-block-buttons-is-layout-flex\">\n<div class=\"wp-block-button\"><a class=\"wp-block-button__link wp-element-button\" href=\"https:\/\/www.agendamentodigitalhonda.com.br\/s\/?segment=HDA&amp;dealerCode=1031007\" target=\"_blank\" rel=\"noreferrer noopener\">Agende seu Servi\u00e7o<\/a><\/div>\n<\/div>\n<\/div>\n\n\n\n<div class=\"wp-block-column is-layout-flow wp-block-column-is-layout-flow\"><div class=\"wp-block-image\">\n<figure class=\"aligncenter size-full\"><img loading=\"lazy\" decoding=\"async\" width=\"64\" height=\"64\" src=\"https:\/\/www.comstar.com.br\/site\/wp-content\/uploads\/2025\/02\/placeholder64x64.webp\" alt=\"\" class=\"wp-image-8385\"\/><\/figure>\n<\/div>\n\n\n<h4 class=\"wp-block-heading has-text-align-center\" id=\"interlagos\">Interlagos<\/h4>\n\n\n\n<p class=\"has-text-align-center\">Av. Interlagos, 2001 \u2013 Jardim Umuarama \u2013 S\u00e3o Paulo, SP<\/p>\n\n\n\n<div class=\"wp-block-buttons is-horizontal is-content-justification-center is-layout-flex wp-container-core-buttons-is-layout-03627597 wp-block-buttons-is-layout-flex\">\n<div class=\"wp-block-button\"><a class=\"wp-block-button__link wp-element-button\" href=\"https:\/\/www.agendamentodigitalhonda.com.br\/s\/?segment=HDA&amp;dealerCode=1699276\" target=\"_blank\" rel=\"noreferrer noopener\">Agende seu Servi\u00e7o<\/a><\/div>\n<\/div>\n<\/div>\n<\/div>\n<\/div>\n<\/div>\n\n\n\n<div class=\"wp-block-columns lojaaas is-layout-flex wp-container-core-columns-is-layout-28f84493 wp-block-columns-is-layout-flex\">\n<div class=\"wp-block-column is-layout-flow wp-block-column-is-layout-flow\"><div class=\"wp-block-image\">\n<figure class=\"aligncenter size-full\"><img loading=\"lazy\" decoding=\"async\" width=\"64\" height=\"64\" src=\"https:\/\/www.comstar.com.br\/site\/wp-content\/uploads\/2025\/02\/placeholder64x64.webp\" alt=\"\" class=\"wp-image-8385\"\/><\/figure>\n<\/div>\n\n\n<h4 class=\"wp-block-heading has-text-align-center\" id=\"itapevi\">Itapevi<\/h4>\n\n\n\n<p class=\"has-text-align-center\">Av. Presidente Vargas, 315 \u2013 Itapevi, SP<\/p>\n\n\n\n<div class=\"wp-block-buttons is-horizontal is-content-justification-center is-layout-flex wp-container-core-buttons-is-layout-03627597 wp-block-buttons-is-layout-flex\">\n<div class=\"wp-block-button\"><a class=\"wp-block-button__link wp-element-button\" href=\"https:\/\/www.agendamentodigitalhonda.com.br\/s\/?segment=HDA&amp;dealerCode=1629236\" target=\"_blank\" rel=\"noreferrer noopener\">Agende seu Servi\u00e7o<\/a><\/div>\n<\/div>\n<\/div>\n\n\n\n<div class=\"wp-block-column is-layout-flow wp-block-column-is-layout-flow\"><div class=\"wp-block-image\">\n<figure class=\"aligncenter size-full\"><img loading=\"lazy\" decoding=\"async\" width=\"64\" height=\"64\" src=\"https:\/\/www.comstar.com.br\/site\/wp-content\/uploads\/2025\/02\/placeholder64x64.webp\" alt=\"\" class=\"wp-image-8385\"\/><\/figure>\n<\/div>\n\n\n<h4 class=\"wp-block-heading has-text-align-center\" id=\"itapecerica\">Itapecerica<\/h4>\n\n\n\n<p class=\"has-text-align-center\">Av. XV de Novembro, 1668 \u2013 Itapecerica da Serra, SP<\/p>\n\n\n\n<div class=\"wp-block-buttons is-horizontal is-content-justification-center is-layout-flex wp-container-core-buttons-is-layout-03627597 wp-block-buttons-is-layout-flex\">\n<div class=\"wp-block-button\"><a class=\"wp-block-button__link wp-element-button\" href=\"https:\/\/www.agendamentodigitalhonda.com.br\/s\/?segment=HDA&amp;dealerCode=1629237\" target=\"_blank\" rel=\"noreferrer noopener\">Agende seu Servi\u00e7o<\/a><\/div>\n<\/div>\n<\/div>\n\n\n\n<div class=\"wp-block-column is-layout-flow wp-block-column-is-layout-flow\"><div class=\"wp-block-image\">\n<figure class=\"aligncenter size-full\"><img loading=\"lazy\" decoding=\"async\" width=\"64\" height=\"64\" src=\"https:\/\/www.comstar.com.br\/site\/wp-content\/uploads\/2025\/02\/placeholder64x64.webp\" alt=\"\" class=\"wp-image-8385\"\/><\/figure>\n<\/div>\n\n\n<h4 class=\"wp-block-heading has-text-align-center\" id=\"jandira\">Jandira<\/h4>\n\n\n\n<p class=\"has-text-align-center\">Av. Carmine Gragnano, 65 \u2013 Jandira, SP<\/p>\n\n\n\n<div class=\"wp-block-buttons is-horizontal is-content-justification-center is-layout-flex wp-container-core-buttons-is-layout-03627597 wp-block-buttons-is-layout-flex\">\n<div class=\"wp-block-button\"><a class=\"wp-block-button__link wp-element-button\" href=\"https:\/\/www.agendamentodigitalhonda.com.br\/s\/?segment=HDA&amp;dealerCode=1629896\" target=\"_blank\" rel=\"noreferrer noopener\">Agende seu Servi\u00e7o<\/a><\/div>\n<\/div>\n<\/div>\n<\/div>\n\n\n\n<h2 class=\"wp-block-heading has-text-align-center\"><strong>Como funcionam as revis\u00f5es peri\u00f3dicas<\/strong><\/h2>\n\n\n\n<p>As revis\u00f5es peri\u00f3dicas s\u00e3o fundamentais para manter a sua motocicleta em condi\u00e7\u00f5es ideais de uso. Todos os itens verificados, foram testados e estudados para garantir o melhor desempenho e durabilidade da sua Honda. Assim, \u00e9 importante realizar as revis\u00f5es para proteger os componentes da sua motocicleta, al\u00e9m de manter a garantia de f\u00e1brica.<\/p>\n\n\n\n<p>Quando voc\u00ea compra uma Honda, a m\u00e3o de obra das duas primeiras revis\u00f5es \u00e9 gratuita. Elas s\u00e3o um direito seu e devem ser realizadas conforme as condi\u00e7\u00f5es descritas no <strong><a rel=\"noreferrer noopener\" href=\"https:\/\/www.honda.com.br\/pos-venda\/motos\/manual-e-guia\" data-type=\"URL\" data-id=\"https:\/\/www.honda.com.br\/pos-venda\/motos\/manual-e-guia\" target=\"_blank\"><span style=\"text-decoration: underline;\">Manual do Propriet\u00e1rio<\/span><\/a><\/strong>.<\/p>\n\n\n\n<p><em>Os modelos das linhas CRF (exceto a CRF 1000L Africa Twin), assim como os quadriciclos (ATV), n\u00e3o disp\u00f5em de m\u00e3o de obra gratuita nas revis\u00f5es.<\/em><\/p>\n","protected":false},"excerpt":{"rendered":"<p>Agende um servi\u00e7o na sua moto com a loja de prefer\u00eancia online. Pamplona Rua Pamplona, 1072 \u2013 Jardim Paulista \u2013 S\u00e3o Paulo, SP Cotia Rua Adolfo Eug\u00eanio Barsotine, 52 &#8211; Cotia, SP Interlagos Av. Interlagos, 2001 \u2013 Jardim Umuarama \u2013 S\u00e3o Paulo, SP Itapevi Av. Presidente Vargas, 315 \u2013 Itapevi, SP Itapecerica Av. XV de [&hellip;]<\/p>\n","protected":false},"author":1,"featured_media":0,"parent":0,"menu_order":0,"comment_status":"closed","ping_status":"closed","template":"","meta":{"_acf_changed":false,"footnotes":""},"class_list":["post-8136","page","type-page","status-publish","hentry"],"acf":[],"_links":{"self":[{"href":"https:\/\/www.comstar.com.br\/site\/wp-json\/wp\/v2\/pages\/8136","targetHints":{"allow":["GET"]}}],"collection":[{"href":"https:\/\/www.comstar.com.br\/site\/wp-json\/wp\/v2\/pages"}],"about":[{"href":"https:\/\/www.comstar.com.br\/site\/wp-json\/wp\/v2\/types\/page"}],"author":[{"embeddable":true,"href":"https:\/\/www.comstar.com.br\/site\/wp-json\/wp\/v2\/users\/1"}],"replies":[{"embeddable":true,"href":"https:\/\/www.comstar.com.br\/site\/wp-json\/wp\/v2\/comments?post=8136"}],"version-history":[{"count":7,"href":"https:\/\/www.comstar.com.br\/site\/wp-json\/wp\/v2\/pages\/8136\/revisions"}],"predecessor-version":[{"id":8695,"href":"https:\/\/www.comstar.com.br\/site\/wp-json\/wp\/v2\/pages\/8136\/revisions\/8695"}],"wp:attachment":[{"href":"https:\/\/www.comstar.com.br\/site\/wp-json\/wp\/v2\/media?parent=8136"}],"curies":[{"name":"wp","href":"https:\/\/api.w.org\/{rel}","templated":true}]}}