{"id":7634,"date":"2024-09-20T14:05:03","date_gmt":"2024-09-20T17:05:03","guid":{"rendered":"https:\/\/www.comstar.com.br\/site\/?page_id=7634"},"modified":"2024-09-20T14:49:22","modified_gmt":"2024-09-20T17:49:22","slug":"politica-de-cookies","status":"publish","type":"page","link":"https:\/\/www.comstar.com.br\/site\/politica-de-cookies\/","title":{"rendered":"Pol\u00edtica de Cookies"},"content":{"rendered":"\n<p><\/p>\n\n\n\n<p class=\"has-text-align-center has-large-font-size\"><strong>POL\u00cdTICA DE COOKIES DA COMSTAR<\/strong><\/p>\n\n\n\n<p>\u00daltima Atualiza\u00e7\u00e3o: 20 de setembro de 2024<\/p>\n\n\n\n<p>Ol\u00e1! Seja bem-vindo(a) ao portal da Comstar!<\/p>\n\n\n\n<p>Agradecemos muito sua visita! Quando voc\u00ea ingressa em nosso portal, nos confia seus dados e informa\u00e7\u00f5es pessoais, e isso \u00e9 muito importante! Por isso, nos comprometemos a manter essa confian\u00e7a com todos os nossos usu\u00e1rios visitantes.<\/p>\n\n\n\n<p>Nessa pol\u00edtica, vamos apresentar a voc\u00ea, de forma clara e objetiva, o que s\u00e3o cookies, quais tipos de cookies utilizamos em nossas aplica\u00e7\u00f5es, para quais finalidades e como configur\u00e1-los em nosso portal.<\/p>\n\n\n\n<p>Esse documento \u00e9 um complemento ao nosso Aviso de Privacidade, dispon\u00edvel neste link: <a href=\"https:\/\/www.comstar.com.br\/site\/politica-de-privacidade\/\"><mark style=\"background-color:rgba(0, 0, 0, 0)\" class=\"has-inline-color has-vivid-cyan-blue-color\">https:\/\/www.comstar.com.br\/site\/politica-de-privacidade\/<\/mark><\/a> e aos nossos Termos de Uso, dispon\u00edvel neste link: <a href=\"https:\/\/www.comstar.com.br\/site\/politica-de-cookies\/\"><mark style=\"background-color:rgba(0, 0, 0, 0)\" class=\"has-inline-color has-vivid-cyan-blue-color\">https:\/\/www.comstar.com.br\/site\/politica-de-cookies\/<\/mark><\/a>.<\/p>\n\n\n\n<p>Para facilitar a sua compreens\u00e3o, saiba que nossa Pol\u00edtica de Cookies est\u00e1 organizada da seguinte forma:<\/p>\n\n\n\n<div class=\"wp-block-group is-nowrap is-layout-flex wp-container-core-group-is-layout-6c531013 wp-block-group-is-layout-flex\">\n<figure class=\"wp-block-table alignleft\"><table><tbody><tr><td>1<\/td><td>O que s\u00e3o cookies?<\/td><\/tr><tr><td>2<\/td><td>Quais cookies utilizamos?<\/td><\/tr><tr><td>3<\/td><td>Gerenciamento dos cookies<\/td><\/tr><tr><td>4<\/td><td>Atualiza\u00e7\u00e3o da nossa Pol\u00edtica<\/td><\/tr><\/tbody><\/table><\/figure>\n<\/div>\n\n\n\n<p><\/p>\n\n\n\n<p><strong>1. O QUE S\u00c3O COOKIES?<\/strong><\/p>\n\n\n\n<p>Cookies s\u00e3o informa\u00e7\u00f5es que o nosso website coleta e armazena, enquanto voc\u00ea navega por nosso portal. Eles s\u00e3o utilizados para lembrar suas prefer\u00eancias, registrar o que voc\u00ea inseriu em sua cesta de compras e contar o n\u00famero de pessoas que acessam nosso site, dentre outras fun\u00e7\u00f5es.<\/p>\n\n\n\n<p>Usando os cookies, n\u00f3s conseguimos melhorar sua experi\u00eancia de uso da nossa plataforma. Mas, n\u00e3o se preocupe! Voc\u00ea tem direito a consentir com o uso de alguns cookies. Vamos ver?<\/p>\n\n\n\n<p><strong>2. QUAIS COOKIES UTILIZAMOS E PARA QUAIS FINALIDADES?<\/strong><\/p>\n\n\n\n<p>Na tabela abaixo, listamos todos os cookies que utilizamos em nosso portal:<\/p>\n\n\n\n<div class=\"wp-block-group is-nowrap is-layout-flex wp-container-core-group-is-layout-6c531013 wp-block-group-is-layout-flex\">\n<figure class=\"wp-block-table is-style-stripes\"><table><tbody><tr><td>COOKIE<\/td><td>TEMPO<\/td><td>PROPRIEDADE<\/td><td>FINALIDADE<\/td><\/tr><tr><td>Necess\u00e1rios<\/td><td>Persistente ou Tempor\u00e1rio <\/td><td>Pr\u00f3prios ou de terceiros <\/td><td>Possibilitar a navega\u00e7\u00e3o em nosso portal e o acesso a todos os recursos. Sem estes, nossos servi\u00e7os podem apresentar mau desempenho ou n\u00e3o funcionar<\/td><\/tr><tr><td>Anal\u00edticos ou de desempenho <\/td><td>Persistente ou Tempor\u00e1rio<\/td><td>Pr\u00f3prios ou de terceiros <\/td><td>Possibilitam coletar dados e informa\u00e7\u00f5es sobre como os usu\u00e1rios utilizam nosso site, quais p\u00e1ginas visitam com mais<br>frequ\u00eancia em nosso site, a ocorr\u00eancia de erros ou informa\u00e7\u00f5es sobre o pr\u00f3prio desempenho do site<\/td><\/tr><tr><td>Funcionalidade<\/td><td>Persistente ou Tempor\u00e1rio <\/td><td>Pr\u00f3prios ou de terceiros <\/td><td>Memorizar suas prefer\u00eancias e escolhas (como seu nome de usu\u00e1rio ou seu idioma)<\/td><\/tr><tr><td>Publicidade <\/td><td>Persistente ou Tempor\u00e1rio <\/td><td>Pr\u00f3prios ou de terceiros <\/td><td>Direcionam an\u00fancios em fun\u00e7\u00e3o dos seus interesses e limitam a quantidade de vezes que o an\u00fancio aparece<\/td><\/tr><\/tbody><\/table><\/figure>\n<\/div>\n\n\n\n<p><\/p>\n\n\n\n<p>Ficou na d\u00favida sobre a propriedade ou sobre o tempo de armazenamento? Explicamos para voc\u00ea:<br><\/p>\n\n\n\n<p>a. Os cookies, quanto aos seus propriet\u00e1rios, podem ser:<\/p>\n\n\n\n<p>\u00b7 Cookies pr\u00f3prios ou prim\u00e1rios: aqueles definidos diretamente pelo site ou aplica\u00e7\u00e3o que o titular est\u00e1 visitando.<\/p>\n\n\n\n<p>\u00b7 Cookies de terceiros: aqueles definidos por um dom\u00ednio diferente daquele que o titular est\u00e1 visitando.<br><\/p>\n\n\n\n<p>b. Os cookies, quanto ao seu tempo de vida, podem ser:<\/p>\n\n\n\n<p>\u00b7 Cookies de sess\u00e3o ou tempor\u00e1rios: aqueles que expiram assim que voc\u00ea fecha o seu navegador, encerrando a sess\u00e3o;<\/p>\n\n\n\n<p>\u00b7 Cookies persistentes: aqueles que permanecem no seu dispositivo durante um per\u00edodo determinado, ou at\u00e9 que voc\u00ea os exclua.<br><\/p>\n\n\n\n<p><strong>3. GERENCIAMENTO DOS COOKIES:<\/strong><\/p>\n\n\n\n<p>Com exce\u00e7\u00e3o dos cookies necess\u00e1rios, indispens\u00e1veis para o funcionamento do site, a instala\u00e7\u00e3o dos demais tipos de cookies est\u00e1 sujeita ao seu consentimento! Dessa forma, voc\u00ea pode rever suas permiss\u00f5es, podendo aceit\u00e1-las, alter\u00e1-las ou cancel\u00e1-las a qualquer momento.<\/p>\n\n\n\n<p>Nosso site n\u00e3o faz a coleta autom\u00e1tica dos cookies. Contudo, voc\u00ea n\u00e3o \u00e9 obrigado a autorizar a utiliza\u00e7\u00e3o de todos eles. No entanto, saiba que nosso site pode n\u00e3o funcionar corretamente se todos os cookies forem desativados. Por esse motivo, caso queira ter uma experi\u00eancia completa da nossa plataforma online, sugerimos que autorize a coleta de todos os cookies.<\/p>\n\n\n\n<p><strong>3.1. Caso eu queria desativar a coleta dos cookies, como devo fazer?<\/strong><\/p>\n\n\n\n<p>Caso queira desativar a coleta dos cookies ou selecionar quais tipos de cookies nossa plataforma poder\u00e1 coletar, basta clicar no bot\u00e3o \u201ccustomizar\u201d, localizado no canto inferior esquerdo do nosso banner de cookies e selecionar as op\u00e7\u00f5es que deseja desativar.<\/p>\n\n\n\n<p>Da mesma forma, caso queira reativ\u00e1-las ou alter\u00e1-las novamente, basta clicar no bot\u00e3o \u201cdetalhes\u201d e selecionar as op\u00e7\u00f5es desejadas, quantas vezes voc\u00ea desejar.<\/p>\n\n\n\n<p><strong>4. ATUALIZA\u00c7\u00d5ES DA NOSSA POL\u00cdTICA:<\/strong><\/p>\n\n\n\n<p>Nos reservamos no direito de atualizar a nossa Pol\u00edtica de Cookies quantas vezes forem necess\u00e1rias, a fim de fornecer a voc\u00ea informa\u00e7\u00f5es mais seguras e melhorar cada vez mais a sua experi\u00eancia.<\/p>\n","protected":false},"excerpt":{"rendered":"<p>POL\u00cdTICA DE COOKIES DA COMSTAR \u00daltima Atualiza\u00e7\u00e3o: 20 de setembro de 2024 Ol\u00e1! Seja bem-vindo(a) ao portal da Comstar! Agradecemos muito sua visita! Quando voc\u00ea ingressa em nosso portal, nos confia seus dados e informa\u00e7\u00f5es pessoais, e isso \u00e9 muito importante! Por isso, nos comprometemos a manter essa confian\u00e7a com todos os nossos usu\u00e1rios visitantes. [&hellip;]<\/p>\n","protected":false},"author":1,"featured_media":0,"parent":0,"menu_order":0,"comment_status":"closed","ping_status":"closed","template":"","meta":{"_acf_changed":false,"footnotes":""},"class_list":["post-7634","page","type-page","status-publish","hentry"],"acf":[],"_links":{"self":[{"href":"https:\/\/www.comstar.com.br\/site\/wp-json\/wp\/v2\/pages\/7634","targetHints":{"allow":["GET"]}}],"collection":[{"href":"https:\/\/www.comstar.com.br\/site\/wp-json\/wp\/v2\/pages"}],"about":[{"href":"https:\/\/www.comstar.com.br\/site\/wp-json\/wp\/v2\/types\/page"}],"author":[{"embeddable":true,"href":"https:\/\/www.comstar.com.br\/site\/wp-json\/wp\/v2\/users\/1"}],"replies":[{"embeddable":true,"href":"https:\/\/www.comstar.com.br\/site\/wp-json\/wp\/v2\/comments?post=7634"}],"version-history":[{"count":13,"href":"https:\/\/www.comstar.com.br\/site\/wp-json\/wp\/v2\/pages\/7634\/revisions"}],"predecessor-version":[{"id":7658,"href":"https:\/\/www.comstar.com.br\/site\/wp-json\/wp\/v2\/pages\/7634\/revisions\/7658"}],"wp:attachment":[{"href":"https:\/\/www.comstar.com.br\/site\/wp-json\/wp\/v2\/media?parent=7634"}],"curies":[{"name":"wp","href":"https:\/\/api.w.org\/{rel}","templated":true}]}}