{"id":734,"date":"2021-03-23T15:04:10","date_gmt":"2021-03-23T18:04:10","guid":{"rendered":"http:\/\/comstar.cliente.urcx.com.br\/wordpress\/?page_id=734"},"modified":"2026-02-12T16:29:42","modified_gmt":"2026-02-12T19:29:42","slug":"nossas-lojas","status":"publish","type":"page","link":"https:\/\/www.comstar.com.br\/site\/nossas-lojas\/","title":{"rendered":"Nossas Lojas"},"content":{"rendered":"\n<div class=\"wp-block-cover alignfull\"><img loading=\"lazy\" decoding=\"async\" width=\"1100\" height=\"300\" class=\"wp-block-cover__image-background wp-image-8254\" alt=\"\" src=\"https:\/\/www.comstar.com.br\/site\/wp-content\/uploads\/2025\/02\/bannersNossas-lojas-1.webp\" data-object-fit=\"cover\" srcset=\"https:\/\/www.comstar.com.br\/site\/wp-content\/uploads\/2025\/02\/bannersNossas-lojas-1.webp 1100w, https:\/\/www.comstar.com.br\/site\/wp-content\/uploads\/2025\/02\/bannersNossas-lojas-1-300x82.webp 300w, https:\/\/www.comstar.com.br\/site\/wp-content\/uploads\/2025\/02\/bannersNossas-lojas-1-1024x279.webp 1024w, https:\/\/www.comstar.com.br\/site\/wp-content\/uploads\/2025\/02\/bannersNossas-lojas-1-768x209.webp 768w, https:\/\/www.comstar.com.br\/site\/wp-content\/uploads\/2025\/02\/bannersNossas-lojas-1-416x113.webp 416w\" sizes=\"auto, (max-width: 1100px) 100vw, 1100px\" \/><span aria-hidden=\"true\" class=\"wp-block-cover__background has-black-background-color has-background-dim\"><\/span><div class=\"wp-block-cover__inner-container is-layout-flow wp-block-cover-is-layout-flow\">\n<h1 class=\"wp-block-heading has-text-align-center has-white-color has-text-color\">Lojas Comstar Honda<\/h1>\n<\/div><\/div>\n\n\n\n<div style=\"height:100px\" aria-hidden=\"true\" class=\"wp-block-spacer\"><\/div>\n\n\n\n<div class=\"wp-block-columns alignwide is-layout-flex wp-container-core-columns-is-layout-28f84493 wp-block-columns-is-layout-flex\">\n<div class=\"wp-block-column is-layout-flow wp-block-column-is-layout-flow\" style=\"flex-basis:30%\"><p><iframe src=\"https:\/\/www.google.com\/maps\/embed?pb=!1m18!1m12!1m3!1d3657.0488299006865!2d-46.65898488502205!3d-23.566689684680227!2m3!1f0!2f0!3f0!3m2!1i1024!2i768!4f13.1!3m3!1m2!1s0x94ce59c5c2f34319%3A0x7ef4b42bcfea6ff9!2sR.%20Pamplona%2C%201072%20-%20Jardim%20Paulista%2C%20S%C3%A3o%20Paulo%20-%20SP%2C%2001405-001!5e0!3m2!1spt-BR!2sbr!4v1616622588667!5m2!1spt-BR!2sbr\" width=\"350\" height=\"350\" style=\"border:0;\" allowfullscreen=\"\" loading=\"lazy\"><\/iframe><\/p>\n<\/div>\n\n\n\n<div class=\"wp-block-column jandira-tel is-layout-flow wp-block-column-is-layout-flow\" style=\"flex-basis:30%\">\n<h4 class=\"wp-block-heading\">Pamplona<\/h4>\n\n\n\n<p>(11) 2178-0909<\/p>\n\n\n\n<p>Rua Pamplona, 1072 &#8211; Jardim Paulista, S\u00e3o Paulo &#8211; SP<br>CEP: 01405-001<\/p>\n\n\n\n<p>Hor\u00e1rios de funcionamento: <br>Seg a Sex 08:00 \u00e0s 18:30 &#8211; S\u00e1b 09:00 \u00e0s 13:00<\/p>\n\n\n\n<a class=\"tel-button\" href=\"https:\/\/api.whatsapp.com\/send?phone=551938647080&amp;text=Ol%C3%A1!%20Tenho%20interesse%20neste%20produto.%20%23chave%3A%20a324M000005VRmyQAG\" target=\"_blank\" rel=\"noopener\">Chamar no Whatsapp<\/a>\n\n\n\n<div style=\"height:20px\" aria-hidden=\"true\" class=\"wp-block-spacer\"><\/div>\n\n\n\n<div class=\"wp-block-buttons is-layout-flex wp-block-buttons-is-layout-flex\">\n<div class=\"wp-block-button\"><a class=\"wp-block-button__link wp-element-button\" href=\"https:\/\/goo.gl\/maps\/mQdxcsEYRtBLNKRB9\" target=\"_blank\" rel=\"noreferrer noopener\">Tra\u00e7ar a rota<\/a><\/div>\n<\/div>\n<\/div>\n<\/div>\n\n\n\n<div class=\"wp-block-columns alignwide is-layout-flex wp-container-core-columns-is-layout-28f84493 wp-block-columns-is-layout-flex\">\n<div class=\"wp-block-column is-layout-flow wp-block-column-is-layout-flow\" style=\"flex-basis:30%\"><p><iframe src=\"https:\/\/www.google.com\/maps\/embed?pb=!1m18!1m12!1m3!1d3656.0552867604742!2d-46.911444724889556!3d-23.602350078771654!2m3!1f0!2f0!3f0!3m2!1i1024!2i768!4f13.1!3m3!1m2!1s0x94cf075660f52d19%3A0x8aec021da3a51cda!2sR.%20Adolfo%20Eug%C3%AAnio%20Barsotine%2C%2052%20-%20Vila%20Santo%20Antonio%20do%20Portao%2C%20Cotia%20-%20SP%2C%2006716-737!5e0!3m2!1spt-BR!2sbr!4v1739479723230!5m2!1spt-BR!2sbr\" width=\"600\" height=\"450\" style=\"border:0;\" allowfullscreen=\"\" loading=\"lazy\" referrerpolicy=\"no-referrer-when-downgrade\"><\/iframe><\/p>\n<\/div>\n\n\n\n<div class=\"wp-block-column jandira-tel is-layout-flow wp-block-column-is-layout-flow\" style=\"flex-basis:30%\">\n<h4 class=\"wp-block-heading\">Cotia<\/h4>\n\n\n\n<p>(11) 2184-7373<\/p>\n\n\n\n<p>Rua Adolfo Eug\u00eanio Barsotine, 52 &#8211; Cotia &#8211; SP<\/p>\n\n\n\n<p>Hor\u00e1rios de funcionamento: <br>Seg a Sex 09:00 \u00e0s 18:00 &#8211; S\u00e1b 09:00 \u00e0s 13:00<\/p>\n\n\n\n<a class=\"tel-button\" href=\"https:\/\/api.whatsapp.com\/send?phone=551938647080&amp;text=Ol%C3%A1!%20Tenho%20interesse%20neste%20produto.%20%23chave%3A%20a324M000005VRmyQAG\" target=\"_blank\" rel=\"noopener\">Chamar no Whatsapp<\/a>\n\n\n\n<div style=\"height:20px\" aria-hidden=\"true\" class=\"wp-block-spacer\"><\/div>\n\n\n\n<div class=\"wp-block-buttons is-layout-flex wp-block-buttons-is-layout-flex\">\n<div class=\"wp-block-button\"><a class=\"wp-block-button__link wp-element-button\" href=\"https:\/\/maps.app.goo.gl\/rwfebMRFgUf56k2L9\" target=\"_blank\" rel=\"noreferrer noopener\">Tra\u00e7ar a rota<\/a><\/div>\n<\/div>\n<\/div>\n<\/div>\n\n\n\n<div class=\"wp-block-columns alignwide is-layout-flex wp-container-core-columns-is-layout-28f84493 wp-block-columns-is-layout-flex\">\n<div class=\"wp-block-column is-layout-flow wp-block-column-is-layout-flow\" style=\"flex-basis:30%\"><p><iframe src=\"https:\/\/www.google.com\/maps\/embed?pb=!1m18!1m12!1m3!1d3654.1394102085455!2d-46.679677885020055!3d-23.670971984628565!2m3!1f0!2f0!3f0!3m2!1i1024!2i768!4f13.1!3m3!1m2!1s0x94ce500457133827%3A0x27144808d2d4d026!2sAv.%20Interlagos%2C%202001%20-%20Jardim%20Umuarama%2C%20S%C3%A3o%20Paulo%20-%20SP%2C%2004661-100!5e0!3m2!1spt-BR!2sbr!4v1616622136253!5m2!1spt-BR!2sbr\" width=\"350\" height=\"350\" style=\"border:0;\" allowfullscreen=\"\" loading=\"lazy\"><\/iframe><\/p>\n<\/div>\n\n\n\n<div class=\"wp-block-column jandira-tel is-layout-flow wp-block-column-is-layout-flow\" style=\"flex-basis:30%\">\n<h4 class=\"wp-block-heading\">Interlagos<\/h4>\n\n\n\n<p>(11) 3509-9500<\/p>\n\n\n\n<p>Avenida Interlagos, 2001 &#8211; Jardim Umuarama, S\u00e3o Paulo &#8211; SP<\/p>\n\n\n\n<p>CEP: 04661-100<\/p>\n\n\n\n<p>Hor\u00e1rios de funcionamento: <br>Seg a Sex 08:00 \u00e0s 18:30 &#8211; S\u00e1b 09:00 \u00e0s 13:00<\/p>\n\n\n\n<a class=\"tel-button\" href=\"https:\/\/api.whatsapp.com\/send?phone=551938647080&amp;text=Ol%C3%A1!%20Tenho%20interesse%20neste%20produto.%20%23chave%3A%20a324M000005VRmyQAG\" target=\"_blank\" rel=\"noopener\">Chamar no Whatsapp<\/a>\n\n\n\n<div style=\"height:20px\" aria-hidden=\"true\" class=\"wp-block-spacer\"><\/div>\n\n\n\n<div class=\"wp-block-buttons is-layout-flex wp-block-buttons-is-layout-flex\">\n<div class=\"wp-block-button\"><a class=\"wp-block-button__link wp-element-button\" href=\"https:\/\/goo.gl\/maps\/dntkfZXsiFKrvSre7\" target=\"_blank\" rel=\"noreferrer noopener\">Tra\u00e7ar a rota<\/a><\/div>\n<\/div>\n<\/div>\n<\/div>\n\n\n\n<div class=\"wp-block-columns alignwide is-layout-flex wp-container-core-columns-is-layout-28f84493 wp-block-columns-is-layout-flex\">\n<div class=\"wp-block-column is-layout-flow wp-block-column-is-layout-flow\" style=\"flex-basis:30%\"><p><iframe src=\"https:\/\/www.google.com\/maps\/embed?pb=!1m18!1m12!1m3!1d3653.262364434096!2d-46.85298238501947!3d-23.702323084613106!2m3!1f0!2f0!3f0!3m2!1i1024!2i768!4f13.1!3m3!1m2!1s0x94cfad1c486fd4a3%3A0x23b659d4cce7fbd!2sAv.%20Quinze%20de%20Novembro%2C%201668%20-%20Centro%2C%20Itapecerica%20da%20Serra%20-%20SP%2C%2006850-100!5e0!3m2!1spt-BR!2sbr!4v1616621996767!5m2!1spt-BR!2sbr\" width=\"350\" height=\"350\" style=\"border:0;\" allowfullscreen=\"\" loading=\"lazy\"><\/iframe><\/p>\n<\/div>\n\n\n\n<div class=\"wp-block-column jandira-tel is-layout-flow wp-block-column-is-layout-flow\" style=\"flex-basis:30%\">\n<h4 class=\"wp-block-heading\">Itapecerica da Serra<\/h4>\n\n\n\n<p>(11) 4668-5525<\/p>\n\n\n\n<p>Avenida Quinze de Novembro, 1668 &#8211; Centro, Itapecerica da Serra &#8211; SP<\/p>\n\n\n\n<p>CEP: 06850-100<\/p>\n\n\n\n<p>Hor\u00e1rios de funcionamento: <br>Seg a Sex 09:00 \u00e0s 18:00 &#8211; S\u00e1b 09:00 \u00e0s 13:00<\/p>\n\n\n\n<a class=\"tel-button\" href=\"https:\/\/api.whatsapp.com\/send?phone=551938647080&amp;text=Ol%C3%A1!%20Tenho%20interesse%20neste%20produto.%20%23chave%3A%20a324M000005VRmyQAG\" target=\"_blank\" rel=\"noopener\">Chamar no Whatsapp<\/a>\n\n\n\n<div style=\"height:20px\" aria-hidden=\"true\" class=\"wp-block-spacer\"><\/div>\n\n\n\n<div class=\"wp-block-buttons is-layout-flex wp-block-buttons-is-layout-flex\">\n<div class=\"wp-block-button\"><a class=\"wp-block-button__link wp-element-button\" href=\"https:\/\/goo.gl\/maps\/TTCY4FcjLSednNBD6\" target=\"_blank\" rel=\"noreferrer noopener\">Tra\u00e7ar a rota<\/a><\/div>\n<\/div>\n<\/div>\n<\/div>\n\n\n\n<div class=\"wp-block-columns alignwide is-layout-flex wp-container-core-columns-is-layout-28f84493 wp-block-columns-is-layout-flex\">\n<div class=\"wp-block-column is-layout-flow wp-block-column-is-layout-flow\" style=\"flex-basis:30%\"><p><iframe src=\"https:\/\/www.google.com\/maps\/embed?pb=!1m18!1m12!1m3!1d3657.7302062546833!2d-46.9391071850226!3d-23.542204184692476!2m3!1f0!2f0!3f0!3m2!1i1024!2i768!4f13.1!3m3!1m2!1s0x94cf068155c4ff7b%3A0x9dc4950e53c5e2e0!2sAv.%20Pres.%20Vargas%2C%20315%20-%20Jardim%20Nova%20Itapevi%2C%20Itapevi%20-%20SP%2C%2006694-000!5e0!3m2!1spt-BR!2sbr!4v1616622300917!5m2!1spt-BR!2sbr\" width=\"350\" height=\"350\" style=\"border:0;\" allowfullscreen=\"\" loading=\"lazy\"><\/iframe><\/p>\n<\/div>\n\n\n\n<div class=\"wp-block-column jandira-tel is-layout-flow wp-block-column-is-layout-flow\" style=\"flex-basis:30%\">\n<h4 class=\"wp-block-heading\">Itapevi<\/h4>\n\n\n\n<p>(11) 4143-8060<\/p>\n\n\n\n<p>Avenida Presidente Vargas, 315 &#8211; Itapevi &#8211; SP<\/p>\n\n\n\n<p>CEP: 06694-000<\/p>\n\n\n\n<p>Hor\u00e1rios de funcionamento: <br>Seg a Sex 09:00 \u00e0s 18:00 &#8211; S\u00e1b 09:00 \u00e0s 13:00<\/p>\n\n\n\n<a class=\"tel-button\" href=\"https:\/\/api.whatsapp.com\/send?phone=551938647080&amp;text=Ol%C3%A1!%20Tenho%20interesse%20neste%20produto.%20%23chave%3A%20a324M000005VRmyQAG\" target=\"_blank\" rel=\"noopener\">Chamar no Whatsapp<\/a>\n\n\n\n<div style=\"height:20px\" aria-hidden=\"true\" class=\"wp-block-spacer\"><\/div>\n\n\n\n<div class=\"wp-block-buttons is-layout-flex wp-block-buttons-is-layout-flex\">\n<div class=\"wp-block-button\"><a class=\"wp-block-button__link wp-element-button\" href=\"https:\/\/goo.gl\/maps\/ooiZ2f1yqvZhcwXt8\" target=\"_blank\" rel=\"noreferrer noopener\">Tra\u00e7ar a rota<\/a><\/div>\n<\/div>\n<\/div>\n<\/div>\n\n\n\n<div class=\"wp-block-columns alignwide is-layout-flex wp-container-core-columns-is-layout-28f84493 wp-block-columns-is-layout-flex\">\n<div class=\"wp-block-column is-layout-flow wp-block-column-is-layout-flow\" style=\"flex-basis:30%\"><p><iframe src=\"https:\/\/www.google.com\/maps\/embed?pb=!1m18!1m12!1m3!1d3658.0803809803037!2d-46.90420838502278!3d-23.529611184698602!2m3!1f0!2f0!3f0!3m2!1i1024!2i768!4f13.1!3m3!1m2!1s0x94cf0154b964623b%3A0x815e41a268626c51!2sAv.%20Carmine%20Gragnano%2C%2065%20-%20Centro%2C%20Jandira%20-%20SP%2C%2006600-010!5e0!3m2!1spt-BR!2sbr!4v1616619671269!5m2!1spt-BR!2sbr\" width=\"350\" height=\"350\" style=\"border:0;\" allowfullscreen=\"\" loading=\"lazy\"><\/iframe><\/p>\n<\/div>\n\n\n\n<div class=\"wp-block-column jandira-tel is-layout-flow wp-block-column-is-layout-flow\" style=\"flex-basis:30%\">\n<h4 class=\"wp-block-heading\">Jandira<\/h4>\n\n\n\n<p>(11) 4619-9880<\/p>\n\n\n\n<p>Avenida Carmine Gragnano, 65 &#8211; Centro, Jandira &#8211; SP<\/p>\n\n\n\n<p>CEP: 06600-010<\/p>\n\n\n\n<p>Hor\u00e1rios de funcionamento: <br>Seg a Sex 09:00 \u00e0s 18:00 &#8211; S\u00e1b 09:00 \u00e0s 13:00<\/p>\n\n\n\n<a class=\"tel-button\" href=\"https:\/\/api.whatsapp.com\/send?phone=551938647080&amp;text=Ol%C3%A1!%20Tenho%20interesse%20neste%20produto.%20%23chave%3A%20a324M000005VRmyQAG\" target=\"_blank\" rel=\"noopener\">Chamar no Whatsapp<\/a>\n\n\n\n<div style=\"height:20px\" aria-hidden=\"true\" class=\"wp-block-spacer\"><\/div>\n\n\n\n<div class=\"wp-block-buttons is-layout-flex wp-block-buttons-is-layout-flex\">\n<div class=\"wp-block-button\"><a class=\"wp-block-button__link wp-element-button\" href=\"https:\/\/goo.gl\/maps\/UtMkQ4GhoEUvaqgK7\" target=\"_blank\" rel=\"noreferrer noopener\">Tra\u00e7ar a rota<\/a><\/div>\n<\/div>\n<\/div>\n<\/div>\n\n\n\n<p><\/p>\n","protected":false},"excerpt":{"rendered":"<p>Pamplona (11) 2178-0909 Rua Pamplona, 1072 &#8211; Jardim Paulista, S\u00e3o Paulo &#8211; SPCEP: 01405-001 Hor\u00e1rios de funcionamento: Seg a Sex 08:00 \u00e0s 18:30 &#8211; S\u00e1b 09:00 \u00e0s 13:00 Chamar no Whatsapp Cotia (11) 2184-7373 Rua Adolfo Eug\u00eanio Barsotine, 52 &#8211; Cotia &#8211; SP Hor\u00e1rios de funcionamento: Seg a Sex 09:00 \u00e0s 18:00 &#8211; S\u00e1b 09:00 [&hellip;]<\/p>\n","protected":false},"author":1,"featured_media":0,"parent":0,"menu_order":0,"comment_status":"closed","ping_status":"closed","template":"","meta":{"_acf_changed":false,"footnotes":""},"class_list":["post-734","page","type-page","status-publish","hentry"],"acf":[],"_links":{"self":[{"href":"https:\/\/www.comstar.com.br\/site\/wp-json\/wp\/v2\/pages\/734","targetHints":{"allow":["GET"]}}],"collection":[{"href":"https:\/\/www.comstar.com.br\/site\/wp-json\/wp\/v2\/pages"}],"about":[{"href":"https:\/\/www.comstar.com.br\/site\/wp-json\/wp\/v2\/types\/page"}],"author":[{"embeddable":true,"href":"https:\/\/www.comstar.com.br\/site\/wp-json\/wp\/v2\/users\/1"}],"replies":[{"embeddable":true,"href":"https:\/\/www.comstar.com.br\/site\/wp-json\/wp\/v2\/comments?post=734"}],"version-history":[{"count":87,"href":"https:\/\/www.comstar.com.br\/site\/wp-json\/wp\/v2\/pages\/734\/revisions"}],"predecessor-version":[{"id":11489,"href":"https:\/\/www.comstar.com.br\/site\/wp-json\/wp\/v2\/pages\/734\/revisions\/11489"}],"wp:attachment":[{"href":"https:\/\/www.comstar.com.br\/site\/wp-json\/wp\/v2\/media?parent=734"}],"curies":[{"name":"wp","href":"https:\/\/api.w.org\/{rel}","templated":true}]}}