{"id":228,"date":"2021-02-24T10:05:33","date_gmt":"2021-02-24T13:05:33","guid":{"rendered":"http:\/\/localhost:8080\/?page_id=228"},"modified":"2025-07-07T14:36:30","modified_gmt":"2025-07-07T17:36:30","slug":"sobre","status":"publish","type":"page","link":"https:\/\/www.comstar.com.br\/site\/sobre\/","title":{"rendered":"A Comstar"},"content":{"rendered":"\n<div class=\"wp-block-cover alignfull wp-duotone-unset-1\"><img loading=\"lazy\" decoding=\"async\" width=\"1280\" height=\"720\" class=\"wp-block-cover__image-background wp-image-8243\" alt=\"\" src=\"https:\/\/www.comstar.com.br\/site\/wp-content\/uploads\/2025\/02\/3936829a-cfd7-4419-af05-b2909b87b10a-1.webp\" data-object-fit=\"cover\" srcset=\"https:\/\/www.comstar.com.br\/site\/wp-content\/uploads\/2025\/02\/3936829a-cfd7-4419-af05-b2909b87b10a-1.webp 1280w, https:\/\/www.comstar.com.br\/site\/wp-content\/uploads\/2025\/02\/3936829a-cfd7-4419-af05-b2909b87b10a-1-300x169.webp 300w, https:\/\/www.comstar.com.br\/site\/wp-content\/uploads\/2025\/02\/3936829a-cfd7-4419-af05-b2909b87b10a-1-1024x576.webp 1024w, https:\/\/www.comstar.com.br\/site\/wp-content\/uploads\/2025\/02\/3936829a-cfd7-4419-af05-b2909b87b10a-1-768x432.webp 768w, https:\/\/www.comstar.com.br\/site\/wp-content\/uploads\/2025\/02\/3936829a-cfd7-4419-af05-b2909b87b10a-1-416x234.webp 416w\" sizes=\"auto, (max-width: 1280px) 100vw, 1280px\" \/><span aria-hidden=\"true\" class=\"wp-block-cover__background has-black-background-color has-background-dim\"><\/span><div class=\"wp-block-cover__inner-container is-layout-flow wp-block-cover-is-layout-flow\">\n<h1 class=\"wp-block-heading has-text-align-center has-white-color has-text-color\">A Comstar<\/h1>\n<\/div><\/div>\n\n\n\n<div style=\"height:35px\" aria-hidden=\"true\" class=\"wp-block-spacer\"><\/div>\n\n\n\n<p class=\"has-huge-font-size\"><strong>Comstar celebra 45 anos rodando junto com S\u00e3o Paulo e mantendo o legado da Honda no Brasil<\/strong><\/p>\n\n\n\n<p>S\u00e3o Paulo, 17 de junho de 2025 \u2013 \u201cEm 1980, uma roda mudou tudo. De l\u00e1 pra c\u00e1, ela n\u00e3o parou de rodar.\u201d A Honda Comstar celebra seus 45 anos de hist\u00f3ria no mercado de motocicletas brasileiro. Fundada por Arnoldo Bessa e sua fam\u00edlia em 1980, no tradicional bairro do Jardim Paulista, em S\u00e3o Paulo, a Comstar tornou-se refer\u00eancia de qualidade, confian\u00e7a e performance sobre duas rodas.<\/p>\n\n\n\n<p>Ao longo dessas mais de quatro d\u00e9cadas, a Comstar cresceu acompanhando a trajet\u00f3ria da Honda no Brasil, consolidando-se como uma das concession\u00e1rias mais respeitadas e atuantes do setor. Atualmente, a rede conta com 6 unidades na Grande S\u00e3o Paulo. A matriz localizada na Rua Pamplona que foi onde tudo come\u00e7ou (S\u00e3o Paulo), al\u00e9m das cidades de Cotia, Itapecerica da Serra, Itapevi e Jandira e tamb\u00e9m uma loja em Interlagos. Cada uma dessas lojas oferece estrutura completa para venda de motocicletas novas e seminovas, servi\u00e7os de manuten\u00e7\u00e3o, pe\u00e7as, acess\u00f3rios e atendimento p\u00f3s-venda especializado.<\/p>\n\n\n\n<p>A Comstar n\u00e3o apenas comercializa motocicletas, ela ajuda a mover S\u00e3o Paulo. A cidade de S\u00e3o Paulo abriga milhares de apaixonados por motos em todas as categorias e cilindradas. A capital paulista, sozinha, tem uma frota de mais de 1,1 milh\u00e3o de motocicletas em circula\u00e7\u00e3o. \u00c9 nesse cen\u00e1rio de intensa mobilidade que a Comstar se destaca como uma verdadeira aliada da economia urbana, fornecendo motos robustas, manuten\u00e7\u00e3o confi\u00e1vel e solu\u00e7\u00f5es r\u00e1pidas para quem vive sobre duas rodas.<\/p>\n\n\n\n<p>Com uma trajet\u00f3ria alinhada ao crescimento do mercado, a Comstar faz parte da hist\u00f3ria da Honda, marca l\u00edder em vendas de motocicletas no Brasil. Desde a venda da primeira moto at\u00e9 os cuidados de longa dura\u00e7\u00e3o com cada modelo, a concession\u00e1ria participa ativamente da jornada de milhares de brasileiros.<\/p>\n\n\n\n<p>A celebra\u00e7\u00e3o dos 45 anos da Comstar marca mais do que uma data simb\u00f3lica: representa o fortalecimento de um legado constru\u00eddo com trabalho, inova\u00e7\u00e3o e respeito pelo consumidor. Mais do que vender motocicletas, a empresa ajuda a transformar vidas, aproximar dist\u00e2ncias e criar conex\u00f5es humanas por meio da mobilidade.<\/p>\n\n\n\n<p>Com olhar voltado para o futuro, a Comstar segue acelerando com for\u00e7a total, mantendo viva a ess\u00eancia de sua funda\u00e7\u00e3o: paix\u00e3o, qualidade e compromisso com quem faz da moto parte da sua vida.<\/p>\n\n\n\n<p class=\"has-medium-font-size\"><strong>Honda Comstar \u2013 45 anos rodando junto com voc\u00ea<\/strong><\/p>\n\n\n\n<p>Quantas empresas brasileiras s\u00e3o capazes de completar 40 anos de exist\u00eancia? No segmento de motocicletas no Brasil n\u00e3o \u00e9 diferente, \u00e9 uma verdadeira montanha russa, e apenas os mais habilidosos e criativos foram capazes de vencer os altos e baixos de mais de cinco d\u00e9cadas de mercado. Esta \u00e9 a hist\u00f3ria da <strong>COMSTAR<\/strong>, revenda Honda criada em 1980 por Arnoldo Bessa e at\u00e9 hoje conduzida por ele e seus filhos Sergio e Marcelo Bessa.<br><br>A Comstar \u00e9 o resultado de um trabalho muito bem desenvolvido com origem no in\u00edcio dos anos 1970, com a chegada da marca Honda ao Brasil. A equipe da revenda de origem comp\u00f4s o primeiro quadro da Comstar nos anos 1980, ano de sua inaugura\u00e7\u00e3o no bairro dos Jardins em S\u00e3o Paulo.<\/p>\n\n\n\n<p>Com ideias novas e muito arrojo, a Comstar ajudou a moldar tanto o neg\u00f3cio como o esporte que envolve a motocicleta. O fechamento das importa\u00e7\u00f5es e o avan\u00e7o da produ\u00e7\u00e3o nacional davam nova cara ao segmento. Arnoldo e equipe entenderam como poucos a transforma\u00e7\u00e3o que viria com o crescer da ind\u00fastria nacional.<\/p>\n\n\n\n<div class=\"wp-block-columns is-layout-flex wp-container-core-columns-is-layout-28f84493 wp-block-columns-is-layout-flex\">\n<div class=\"wp-block-column is-layout-flow wp-block-column-is-layout-flow\">\n<figure class=\"wp-block-image size-large\"><img loading=\"lazy\" decoding=\"async\" width=\"1024\" height=\"647\" src=\"https:\/\/www.comstar.com.br\/site\/wp-content\/uploads\/2025\/02\/180_2-Copy-Copy-1024x647.webp\" alt=\"\" class=\"wp-image-8244\" srcset=\"https:\/\/www.comstar.com.br\/site\/wp-content\/uploads\/2025\/02\/180_2-Copy-Copy-1024x647.webp 1024w, https:\/\/www.comstar.com.br\/site\/wp-content\/uploads\/2025\/02\/180_2-Copy-Copy-300x190.webp 300w, https:\/\/www.comstar.com.br\/site\/wp-content\/uploads\/2025\/02\/180_2-Copy-Copy-768x485.webp 768w, https:\/\/www.comstar.com.br\/site\/wp-content\/uploads\/2025\/02\/180_2-Copy-Copy-416x263.webp 416w, https:\/\/www.comstar.com.br\/site\/wp-content\/uploads\/2025\/02\/180_2-Copy-Copy.webp 1043w\" sizes=\"auto, (max-width: 1024px) 100vw, 1024px\" \/><\/figure>\n<\/div>\n<\/div>\n\n\n\n<h3 class=\"wp-block-heading has-text-align-center\">Esporte<\/h3>\n\n\n\n<div class=\"wp-block-columns is-layout-flex wp-container-core-columns-is-layout-28f84493 wp-block-columns-is-layout-flex\">\n<div class=\"wp-block-column is-layout-flow wp-block-column-is-layout-flow\" style=\"flex-basis:33.33%\">\n<figure class=\"wp-block-image size-large\"><img loading=\"lazy\" decoding=\"async\" width=\"737\" height=\"1024\" src=\"https:\/\/www.comstar.com.br\/site\/wp-content\/uploads\/2025\/02\/COMSTAR_TURUNA_180_01-Copy-Copy-737x1024.webp\" alt=\"\" class=\"wp-image-8245\" srcset=\"https:\/\/www.comstar.com.br\/site\/wp-content\/uploads\/2025\/02\/COMSTAR_TURUNA_180_01-Copy-Copy-737x1024.webp 737w, https:\/\/www.comstar.com.br\/site\/wp-content\/uploads\/2025\/02\/COMSTAR_TURUNA_180_01-Copy-Copy-216x300.webp 216w, https:\/\/www.comstar.com.br\/site\/wp-content\/uploads\/2025\/02\/COMSTAR_TURUNA_180_01-Copy-Copy-768x1067.webp 768w, https:\/\/www.comstar.com.br\/site\/wp-content\/uploads\/2025\/02\/COMSTAR_TURUNA_180_01-Copy-Copy-416x578.webp 416w, https:\/\/www.comstar.com.br\/site\/wp-content\/uploads\/2025\/02\/COMSTAR_TURUNA_180_01-Copy-Copy.webp 946w\" sizes=\"auto, (max-width: 737px) 100vw, 737px\" \/><\/figure>\n<\/div>\n\n\n\n<div class=\"wp-block-column is-layout-flow wp-block-column-is-layout-flow\" style=\"flex-basis:66.66%\">\n<p>Atentos \u00e0s necessidades do mercado e seguindo de perto os passos da sua clientela, foram pioneiros ao investir pesado no esporte como importante ferramenta de marketing e desenvolvimento t\u00e9cnico. Cercou-se de verdadeiros \u00edcones do setor como os consagrados Milton Benite (preparador e chefe da \u00e1rea t\u00e9cnica) e o piloto Walter \u201cTucano\u201d Barchi, entre outros. <\/p>\n\n\n\n<p>Tamb\u00e9m fez hist\u00f3ria no Motocross e no desenvolvimento da modalidade Enduro, participando diretamente das primeiras edi\u00e7\u00f5es do Enduro das Praias (vencido pela equipe Comstar), do Enduro da Independ\u00eancia e tendo organizado o Enduro dos Tropeiros, sempre com a participa\u00e7\u00e3o de \u00edcones do esporte, dos pr\u00f3prios executivos da empresa e seus clientes.<\/p>\n<\/div>\n<\/div>\n\n\n\n<h3 class=\"wp-block-heading has-text-align-center\">Tecnologia e inova\u00e7\u00e3o<\/h3>\n\n\n\n<p>A empresa soube usar como poucos a experi\u00eancia adquirida nas competi\u00e7\u00f5es para levar credibilidade a seus clientes, e solu\u00e7\u00f5es t\u00e9cnicas importantes em um mercado ainda lento na apresenta\u00e7\u00e3o de novos modelos. Assim, a Comstar fez nascer dois produtos que marcaram \u00e9poca, a Turuna Comstar 180 e a XL 180 Comstar.<\/p>\n\n\n\n<h3 class=\"wp-block-heading has-text-align-center\"><strong>Hoje e sempre &#8211; Foco no cliente<\/strong><\/h3>\n\n\n\n<p>Toda esta experi\u00eancia adquirida nas pistas e no dia a dia da revenda, sempre teve como foco apenas um p\u00fablico: o cliente. Quando o assunto era motos de m\u00e9dia e alta cilindrada (que aos poucos foram retornando ao mercado brasileiro) a Comstar sempre foi sin\u00f4nimo de bons servi\u00e7os e confiabilidade. Para atender uma demanda cada vez mais crescente tamb\u00e9m no segmento de baixa cilindrada e permear a marca na regi\u00e3o da grande S\u00e3o Paulo, foi preciso expandir a rede Comstar, hoje dividida em 7 diferentes pontos de venda e assist\u00eancia, sendo duas lojas nos Jardins, al\u00e9m de Jandira, Itapecerica da Serra, Interlagos, Cotia e Itapevi.<br><br>As unidades da Comstar est\u00e3o preparadas com equipes treinadas nas \u00e1reas de vendas de motos novas e usadas, pe\u00e7as, acess\u00f3rios e servi\u00e7os.<br><br>S\u00e3o mais de 40 anos de experi\u00eancia no mercado de duas rodas se contarmos apenas os anos desde a cria\u00e7\u00e3o da COMSTAR, mas uma hist\u00f3ria de dedica\u00e7\u00e3o ao setor que come\u00e7ou muito antes, e que ainda tem muito para ser escrita.<\/p>\n\n\n\n<div style=\"height:48px\" aria-hidden=\"true\" class=\"wp-block-spacer\"><\/div>\n\n\n\n<h2 class=\"wp-block-heading alignwide has-text-align-center\">Contato<\/h2>\n\n\n\n<div class=\"wp-block-group form-contato-flex\"><div class=\"wp-block-group__inner-container is-layout-flow wp-block-group-is-layout-flow\">\n<div class=\"wpcf7 no-js\" id=\"wpcf7-f1999-o1\" lang=\"pt-BR\" dir=\"ltr\" data-wpcf7-id=\"1999\">\n<div class=\"screen-reader-response\"><p role=\"status\" aria-live=\"polite\" aria-atomic=\"true\"><\/p> <ul><\/ul><\/div>\n<form action=\"\/site\/wp-json\/wp\/v2\/pages\/228#wpcf7-f1999-o1\" method=\"post\" class=\"wpcf7-form init\" aria-label=\"Formul\u00e1rios de contato\" enctype=\"multipart\/form-data\" novalidate=\"novalidate\" data-status=\"init\">\n<fieldset class=\"hidden-fields-container\"><input type=\"hidden\" name=\"_wpcf7\" value=\"1999\" \/><input type=\"hidden\" name=\"_wpcf7_version\" value=\"6.1.5\" \/><input type=\"hidden\" name=\"_wpcf7_locale\" value=\"pt_BR\" \/><input type=\"hidden\" name=\"_wpcf7_unit_tag\" value=\"wpcf7-f1999-o1\" \/><input type=\"hidden\" name=\"_wpcf7_container_post\" value=\"0\" \/><input type=\"hidden\" name=\"_wpcf7_posted_data_hash\" value=\"\" \/>\n<\/fieldset>\n<p><label>Nome*<br \/>\n<span class=\"wpcf7-form-control-wrap\" data-name=\"nome\"><input size=\"40\" maxlength=\"400\" class=\"wpcf7-form-control wpcf7-text wpcf7-validates-as-required\" id=\"modelo\" aria-required=\"true\" aria-invalid=\"false\" value=\"\" type=\"text\" name=\"nome\" \/><\/span><\/label><br \/>\n<label>Sobrenome*<br \/>\n<span class=\"wpcf7-form-control-wrap\" data-name=\"sobrenome\"><input size=\"40\" maxlength=\"400\" class=\"wpcf7-form-control wpcf7-text wpcf7-validates-as-required\" id=\"sobrenome\" aria-required=\"true\" aria-invalid=\"false\" value=\"\" type=\"text\" name=\"sobrenome\" \/><\/span><\/label><br \/>\n<label>E-mail*<br \/>\n<span class=\"wpcf7-form-control-wrap\" data-name=\"email\"><input size=\"40\" maxlength=\"400\" class=\"wpcf7-form-control wpcf7-email wpcf7-validates-as-required wpcf7-text wpcf7-validates-as-email\" id=\"email\" aria-required=\"true\" aria-invalid=\"false\" value=\"\" type=\"email\" name=\"email\" \/><\/span><\/label><br \/>\n<label>Telefone*<br \/>\n<span class=\"wpcf7-form-control-wrap\" data-name=\"telefone\"><input size=\"40\" maxlength=\"400\" class=\"wpcf7-form-control wpcf7-tel wpcf7-validates-as-required wpcf7-text wpcf7-validates-as-tel field-mask-phone\" id=\"telefone\" aria-required=\"true\" aria-invalid=\"false\" value=\"\" type=\"tel\" name=\"telefone\" \/><\/span><\/label><br \/>\n<label> Assunto<br \/>\n<span class=\"wpcf7-form-control-wrap\" data-name=\"assunto\"><select class=\"wpcf7-form-control wpcf7-select wpcf7-validates-as-required\" id=\"assunto\" aria-required=\"true\" aria-invalid=\"false\" name=\"assunto\"><option value=\"\">&#8212;Escolha uma op\u00e7\u00e3o&#8212;<\/option><option value=\"Reclama\u00e7\u00f5es\">Reclama\u00e7\u00f5es<\/option><option value=\"Sugest\u00f5es\">Sugest\u00f5es<\/option><option value=\"Elogios\">Elogios<\/option><option value=\"Requisi\u00e7\u00f5es\">Requisi\u00e7\u00f5es<\/option><option value=\"Trabalhe Conosco\">Trabalhe Conosco<\/option><\/select><\/span><\/label><br \/>\n<label> Sua mensagem (opcional)<br \/>\n<span class=\"wpcf7-form-control-wrap\" data-name=\"mensagem\"><textarea cols=\"40\" rows=\"10\" maxlength=\"2000\" class=\"wpcf7-form-control wpcf7-textarea\" id=\"mensagem\" aria-invalid=\"false\" name=\"mensagem\"><\/textarea><\/span><\/label><br \/>\n<span class=\"wpcf7-form-control-wrap\" data-name=\"arquivo\"><input size=\"40\" class=\"wpcf7-form-control wpcf7-file\" id=\"arquivo\" accept=\".pdf,.txt,.doc,.docx\" aria-invalid=\"false\" type=\"file\" name=\"arquivo\" \/><\/span>\n<\/p>\n<p><input class=\"wpcf7-form-control wpcf7-submit has-spinner\" type=\"submit\" value=\"Enviar\" \/>\n<\/p><div class=\"wpcf7-response-output\" aria-hidden=\"true\"><\/div>\n<\/form>\n<\/div>\n\n<\/div><\/div>\n\n\n\n<p><\/p>\n","protected":false},"excerpt":{"rendered":"<p>Comstar celebra 45 anos rodando junto com S\u00e3o Paulo e mantendo o legado da Honda no Brasil S\u00e3o Paulo, 17 de junho de 2025 \u2013 \u201cEm 1980, uma roda mudou tudo. De l\u00e1 pra c\u00e1, ela n\u00e3o parou de rodar.\u201d A Honda Comstar celebra seus 45 anos de hist\u00f3ria no mercado de motocicletas brasileiro. Fundada [&hellip;]<\/p>\n","protected":false},"author":1,"featured_media":0,"parent":0,"menu_order":0,"comment_status":"closed","ping_status":"closed","template":"template-fullwidth.php","meta":{"_acf_changed":false,"footnotes":""},"class_list":["post-228","page","type-page","status-publish","hentry"],"acf":[],"_links":{"self":[{"href":"https:\/\/www.comstar.com.br\/site\/wp-json\/wp\/v2\/pages\/228","targetHints":{"allow":["GET"]}}],"collection":[{"href":"https:\/\/www.comstar.com.br\/site\/wp-json\/wp\/v2\/pages"}],"about":[{"href":"https:\/\/www.comstar.com.br\/site\/wp-json\/wp\/v2\/types\/page"}],"author":[{"embeddable":true,"href":"https:\/\/www.comstar.com.br\/site\/wp-json\/wp\/v2\/users\/1"}],"replies":[{"embeddable":true,"href":"https:\/\/www.comstar.com.br\/site\/wp-json\/wp\/v2\/comments?post=228"}],"version-history":[{"count":27,"href":"https:\/\/www.comstar.com.br\/site\/wp-json\/wp\/v2\/pages\/228\/revisions"}],"predecessor-version":[{"id":10427,"href":"https:\/\/www.comstar.com.br\/site\/wp-json\/wp\/v2\/pages\/228\/revisions\/10427"}],"wp:attachment":[{"href":"https:\/\/www.comstar.com.br\/site\/wp-json\/wp\/v2\/media?parent=228"}],"curies":[{"name":"wp","href":"https:\/\/api.w.org\/{rel}","templated":true}]}}